{"id":2344,"date":"2023-11-11T15:44:35","date_gmt":"2023-11-11T20:44:35","guid":{"rendered":"https:\/\/charlesetienneferland.com\/?page_id=2344"},"modified":"2026-04-16T12:26:26","modified_gmt":"2026-04-16T16:26:26","slug":"animations","status":"publish","type":"page","link":"https:\/\/charlesetienneferland.com\/en\/index.php\/services\/animations\/","title":{"rendered":"Talks, Workshops and Training"},"content":{"rendered":"\n<figure class=\"wp-block-image size-large\"><img data-recalc-dims=\"1\" loading=\"lazy\" decoding=\"async\" width=\"1024\" height=\"461\" src=\"https:\/\/i0.wp.com\/charlesetienneferland.com\/wp-content\/uploads\/2026\/02\/17dec2025_SaintSacrement2.jpg?resize=1024%2C461&#038;ssl=1\" alt=\"\" class=\"wp-image-3343\" srcset=\"https:\/\/i0.wp.com\/charlesetienneferland.com\/wp-content\/uploads\/2026\/02\/17dec2025_SaintSacrement2.jpg?resize=1024%2C461&amp;ssl=1 1024w, https:\/\/i0.wp.com\/charlesetienneferland.com\/wp-content\/uploads\/2026\/02\/17dec2025_SaintSacrement2.jpg?resize=300%2C135&amp;ssl=1 300w, https:\/\/i0.wp.com\/charlesetienneferland.com\/wp-content\/uploads\/2026\/02\/17dec2025_SaintSacrement2.jpg?resize=768%2C346&amp;ssl=1 768w, https:\/\/i0.wp.com\/charlesetienneferland.com\/wp-content\/uploads\/2026\/02\/17dec2025_SaintSacrement2.jpg?resize=1536%2C692&amp;ssl=1 1536w, https:\/\/i0.wp.com\/charlesetienneferland.com\/wp-content\/uploads\/2026\/02\/17dec2025_SaintSacrement2.jpg?w=2048&amp;ssl=1 2048w\" sizes=\"auto, (max-width: 1024px) 100vw, 1024px\" \/><\/figure>\n\n\n\n<div style=\"height:25px\" aria-hidden=\"true\" class=\"wp-block-spacer\"><\/div>\n\n\n\n<div class=\"wp-block-media-text has-media-on-the-right is-stacked-on-mobile\"><div class=\"wp-block-media-text__content\">\n<div style=\"height:41px\" aria-hidden=\"true\" class=\"wp-block-spacer\"><\/div>\n\n\n\n<p style=\"font-size:14px\">Since 2018, I have been meeting with groups to share my unique career path and my experience as an entomologist and writer. Discover my activities below and feel free to contact me with any questions.<\/p>\n<\/div><figure class=\"wp-block-media-text__media\"><img data-recalc-dims=\"1\" loading=\"lazy\" decoding=\"async\" width=\"1024\" height=\"769\" src=\"https:\/\/i0.wp.com\/charlesetienneferland.com\/wp-content\/uploads\/2025\/08\/IMG_2561-1.jpg?resize=1024%2C769&#038;ssl=1\" alt=\"\" class=\"wp-image-3102 size-full\" srcset=\"https:\/\/i0.wp.com\/charlesetienneferland.com\/wp-content\/uploads\/2025\/08\/IMG_2561-1.jpg?resize=1024%2C769&amp;ssl=1 1024w, https:\/\/i0.wp.com\/charlesetienneferland.com\/wp-content\/uploads\/2025\/08\/IMG_2561-1.jpg?resize=300%2C225&amp;ssl=1 300w, https:\/\/i0.wp.com\/charlesetienneferland.com\/wp-content\/uploads\/2025\/08\/IMG_2561-1.jpg?resize=768%2C577&amp;ssl=1 768w, https:\/\/i0.wp.com\/charlesetienneferland.com\/wp-content\/uploads\/2025\/08\/IMG_2561-1.jpg?resize=1536%2C1154&amp;ssl=1 1536w, https:\/\/i0.wp.com\/charlesetienneferland.com\/wp-content\/uploads\/2025\/08\/IMG_2561-1.jpg?resize=2048%2C1539&amp;ssl=1 2048w, https:\/\/i0.wp.com\/charlesetienneferland.com\/wp-content\/uploads\/2025\/08\/IMG_2561-1.jpg?w=2400&amp;ssl=1 2400w\" sizes=\"auto, (max-width: 1024px) 100vw, 1024px\" \/><\/figure><\/div>\n\n\n\n<div style=\"height:50px\" aria-hidden=\"true\" class=\"wp-block-spacer\"><\/div>\n\n\n\n<p class=\"has-text-align-center has-large-font-size\"><strong>Pick Your Activity<\/strong><\/p>\n\n\n\n<div style=\"height:50px\" aria-hidden=\"true\" class=\"wp-block-spacer\"><\/div>\n\n\n\n<div class=\"wp-block-columns is-layout-flex wp-container-core-columns-is-layout-9d6595d7 wp-block-columns-is-layout-flex\">\n<div class=\"wp-block-column is-layout-flow wp-block-column-is-layout-flow\">\n<div class=\"wp-block-buttons is-layout-flex wp-block-buttons-is-layout-flex\">\n<div class=\"wp-block-button has-custom-width wp-block-button__width-100 is-style-fill\"><a class=\"wp-block-button__link has-black-color has-vivid-green-cyan-background-color has-text-color has-background has-link-color has-small-font-size has-custom-font-size wp-element-button\" style=\"border-top-left-radius:25px;border-top-right-radius:25px;border-bottom-left-radius:25px;border-bottom-right-radius:25px\">Talk<br><strong>The Entomologist Writer<br><\/strong><br>With humor and passion, Charles-\u00c9tienne presents his multidisciplinary journey, from his first steps in entomology to the publication of his novels, culminating in the founding of a creative studio.<br><br>60-90 min<\/a><\/div>\n<\/div>\n<\/div>\n\n\n\n<div class=\"wp-block-column is-layout-flow wp-block-column-is-layout-flow\">\n<div class=\"wp-block-buttons is-layout-flex wp-block-buttons-is-layout-flex\">\n<div class=\"wp-block-button has-custom-width wp-block-button__width-100 is-style-fill\"><a class=\"wp-block-button__link has-black-color has-vivid-green-cyan-background-color has-text-color has-background has-link-color has-small-font-size has-custom-font-size wp-element-button\" style=\"border-top-left-radius:25px;border-top-right-radius:25px;border-bottom-left-radius:25px;border-bottom-right-radius:25px\">Workshop<br><strong>The Post-Apocalyptic Story<\/strong><br><br>In this two-part workshop, reflect on the crises of our time by learning the conventions of post-apocalyptic storytelling. Explore a creative approach where science and literature inspire each other.<br><br>2 x 90 min<\/a><\/div>\n<\/div>\n<\/div>\n<\/div>\n\n\n\n<div style=\"height:50px\" aria-hidden=\"true\" class=\"wp-block-spacer\"><\/div>\n\n\n\n<div class=\"wp-block-columns is-layout-flex wp-container-core-columns-is-layout-9d6595d7 wp-block-columns-is-layout-flex\">\n<div class=\"wp-block-column is-layout-flow wp-block-column-is-layout-flow\" style=\"flex-basis:25%\"><\/div>\n\n\n\n<div class=\"wp-block-column is-layout-flow wp-block-column-is-layout-flow\" style=\"flex-basis:50%\">\n<div class=\"wp-block-buttons is-layout-flex wp-block-buttons-is-layout-flex\">\n<div class=\"wp-block-button has-custom-width wp-block-button__width-100\"><a class=\"wp-block-button__link has-black-color has-vivid-green-cyan-background-color has-text-color has-background has-link-color has-small-font-size has-custom-font-size wp-element-button\" style=\"border-top-left-radius:25px;border-top-right-radius:25px;border-bottom-left-radius:25px;border-bottom-right-radius:25px\">Workshop<br><strong>Project management in creative writing<\/strong><br><br>Based on 15 years of practice and 4 published books, this workshop offers an overview of concrete tools for professional writing (fiction &amp; grants), income, and management software (Excel, Asana, QuickBooks, etc.).<br><br>60 min<\/a><\/div>\n<\/div>\n<\/div>\n\n\n\n<div class=\"wp-block-column is-layout-flow wp-block-column-is-layout-flow\" style=\"flex-basis:25%\"><\/div>\n<\/div>\n\n\n\n<div style=\"height:50px\" aria-hidden=\"true\" class=\"wp-block-spacer\"><\/div>\n\n\n\n<figure class=\"wp-block-table is-style-stripes has-small-font-size\"><table><tbody><tr><td><strong>Target Audience<\/strong><\/td><td>high school, college, university, cultural sector, prison sector, general public<\/td><\/tr><tr><td><strong>Format<\/strong><\/td><td>in person in the Greater Montreal area | virtually everywhere else<\/td><\/tr><tr><td><strong>Fees<\/strong><\/td><td>based on <a href=\"https:\/\/www.quebec.ca\/education\/prescolaire-primaire-et-secondaire\/ressources-outils-reseau-scolaire\/culture-education\/culture-ecole\/ateliers-culturels-ecole\/aide-financiere\"><em>La culture \u00e0 l\u2019\u00e9cole<\/em><\/a><\/td><\/tr><tr><td><strong>Bookings<\/strong><\/td><td><a href=\"mailto:info@charlesetienneferland.com\">info@charlesetienneferland.com<\/a><\/td><\/tr><\/tbody><\/table><\/figure>\n\n\n\n<div style=\"height:25px\" aria-hidden=\"true\" class=\"wp-block-spacer\"><\/div>\n\n\n\n<div class=\"wp-block-media-text is-stacked-on-mobile\"><figure class=\"wp-block-media-text__media\"><img data-recalc-dims=\"1\" loading=\"lazy\" decoding=\"async\" width=\"1024\" height=\"1024\" src=\"https:\/\/i0.wp.com\/charlesetienneferland.com\/wp-content\/uploads\/2024\/10\/IMG_9848.jpg?resize=1024%2C1024&#038;ssl=1\" alt=\"\" class=\"wp-image-2892 size-full\" srcset=\"https:\/\/i0.wp.com\/charlesetienneferland.com\/wp-content\/uploads\/2024\/10\/IMG_9848.jpg?resize=1024%2C1024&amp;ssl=1 1024w, https:\/\/i0.wp.com\/charlesetienneferland.com\/wp-content\/uploads\/2024\/10\/IMG_9848.jpg?resize=300%2C300&amp;ssl=1 300w, https:\/\/i0.wp.com\/charlesetienneferland.com\/wp-content\/uploads\/2024\/10\/IMG_9848.jpg?resize=150%2C150&amp;ssl=1 150w, https:\/\/i0.wp.com\/charlesetienneferland.com\/wp-content\/uploads\/2024\/10\/IMG_9848.jpg?resize=768%2C768&amp;ssl=1 768w, https:\/\/i0.wp.com\/charlesetienneferland.com\/wp-content\/uploads\/2024\/10\/IMG_9848.jpg?resize=125%2C125&amp;ssl=1 125w, https:\/\/i0.wp.com\/charlesetienneferland.com\/wp-content\/uploads\/2024\/10\/IMG_9848.jpg?w=1537&amp;ssl=1 1537w\" sizes=\"auto, (max-width: 1024px) 100vw, 1024px\" \/><\/figure><div class=\"wp-block-media-text__content\">\n<div style=\"height:100px\" aria-hidden=\"true\" class=\"wp-block-spacer\"><\/div>\n\n\n\n<p class=\"has-black-color has-text-color has-link-color wp-elements-a32b1c5448fd0fe38085184d50f4e24a\"><strong>Need a customized solution?<\/strong><\/p>\n\n\n\n<p class=\"has-vivid-purple-color has-text-color has-link-color wp-elements-c340abd3f2ceea441bf939e52047028b\"><a href=\"info@charlesetienneferland.com\" data-type=\"link\" data-id=\"info@charlesetienneferland.com\">Let&#8217;s chat!<\/a><\/p>\n<\/div><\/div>\n\n\n\n<p class=\"has-text-align-center\"><\/p>\n\n\n\n<div style=\"height:50px\" aria-hidden=\"true\" class=\"wp-block-spacer\"><\/div>\n\n\n\n<p class=\"has-text-align-center has-medium-font-size\"><strong>\ud83d\udcda They read my work and\/or invited me as guest speaker \ud83d\udc68\u200d\ud83d\udcbb<\/strong><\/p>\n\n\n<div class=\"wp-block-image\">\n<figure class=\"aligncenter size-full\"><img data-recalc-dims=\"1\" loading=\"lazy\" decoding=\"async\" width=\"637\" height=\"491\" src=\"https:\/\/i0.wp.com\/charlesetienneferland.com\/wp-content\/uploads\/2024\/11\/Map_CEF.png?resize=637%2C491&#038;ssl=1\" alt=\"\" class=\"wp-image-2940\" srcset=\"https:\/\/i0.wp.com\/charlesetienneferland.com\/wp-content\/uploads\/2024\/11\/Map_CEF.png?w=637&amp;ssl=1 637w, https:\/\/i0.wp.com\/charlesetienneferland.com\/wp-content\/uploads\/2024\/11\/Map_CEF.png?resize=300%2C231&amp;ssl=1 300w\" sizes=\"auto, (max-width: 637px) 100vw, 637px\" \/><\/figure>\n<\/div>\n\n\n<p class=\"has-text-align-center\">C\u00e9gep \u00c9douard-Montpetit<br>Coll\u00e8ge Dawson<br>Coll\u00e8ge Durocher<br>Coll\u00e8ge Laurentien<br>Coll\u00e8ge Laval<br>Coll\u00e8ge Notre-Dame-de-Lourdes<br>Coll\u00e8ge Saint-Sacrement<br>\u00c9cole secondaire \u00c9vang\u00e9line<br>\u00c9cole secondaire de la Mont\u00e9e <br>\u00c9cole secondaire d&#8217;Oka<br>Hampshire Regionnal High School<br>Lafayette High School<br>PrepaTec Eugenio Garza Lag\u00fcera<br>St. Matthews CHS<br>Universit\u00e9 Bishop&#8217;s<br>Universit\u00e9 d&#8217;Ottawa<\/p>\n\n\n\n<div style=\"height:100px\" aria-hidden=\"true\" class=\"wp-block-spacer\"><\/div>\n\n\n\n<p class=\"has-large-font-size\"><strong>Testimonials<\/strong><\/p>\n\n\n\n<p>Coming soon<\/p>\n","protected":false},"excerpt":{"rendered":"<p>Pick Your Activity Target Audience high school, college, university, cultural sector, prison sector, general public Format in person in the Greater Montreal area | virtually everywhere else Fees based on La culture \u00e0 l\u2019\u00e9cole Bookings info@charlesetienneferland.com \ud83d\udcda They read my work and\/or invited me as guest speaker \ud83d\udc68\u200d\ud83d\udcbb C\u00e9gep \u00c9douard-MontpetitColl\u00e8ge DawsonColl\u00e8ge DurocherColl\u00e8ge LaurentienColl\u00e8ge LavalColl\u00e8ge Notre-Dame-de-LourdesColl\u00e8ge<a class=\"excerpt-read-more\" href=\"https:\/\/charlesetienneferland.com\/en\/index.php\/services\/animations\/\" title=\"ReadTalks, Workshops and Training\">&#8230; Read more &raquo;<\/a><\/p>\n","protected":false},"author":2,"featured_media":0,"parent":4036,"menu_order":19,"comment_status":"closed","ping_status":"closed","template":"template-pagecontent.php","meta":{"footnotes":""},"class_list":["post-2344","page","type-page","status-publish","hentry"],"jetpack_sharing_enabled":true,"_links":{"self":[{"href":"https:\/\/charlesetienneferland.com\/en\/index.php\/wp-json\/wp\/v2\/pages\/2344","targetHints":{"allow":["GET"]}}],"collection":[{"href":"https:\/\/charlesetienneferland.com\/en\/index.php\/wp-json\/wp\/v2\/pages"}],"about":[{"href":"https:\/\/charlesetienneferland.com\/en\/index.php\/wp-json\/wp\/v2\/types\/page"}],"author":[{"embeddable":true,"href":"https:\/\/charlesetienneferland.com\/en\/index.php\/wp-json\/wp\/v2\/users\/2"}],"replies":[{"embeddable":true,"href":"https:\/\/charlesetienneferland.com\/en\/index.php\/wp-json\/wp\/v2\/comments?post=2344"}],"version-history":[{"count":61,"href":"https:\/\/charlesetienneferland.com\/en\/index.php\/wp-json\/wp\/v2\/pages\/2344\/revisions"}],"predecessor-version":[{"id":4039,"href":"https:\/\/charlesetienneferland.com\/en\/index.php\/wp-json\/wp\/v2\/pages\/2344\/revisions\/4039"}],"up":[{"embeddable":true,"href":"https:\/\/charlesetienneferland.com\/en\/index.php\/wp-json\/wp\/v2\/pages\/4036"}],"wp:attachment":[{"href":"https:\/\/charlesetienneferland.com\/en\/index.php\/wp-json\/wp\/v2\/media?parent=2344"}],"curies":[{"name":"wp","href":"https:\/\/api.w.org\/{rel}","templated":true}]}}