{"id":2030,"date":"2023-08-16T16:45:29","date_gmt":"2023-08-16T20:45:29","guid":{"rendered":"https:\/\/charlesetienneferland.com\/?page_id=2030"},"modified":"2026-02-27T18:53:16","modified_gmt":"2026-02-27T23:53:16","slug":"liste-darticles","status":"publish","type":"page","link":"https:\/\/charlesetienneferland.com\/index.php\/liste-darticles\/","title":{"rendered":"Actualit\u00e9s"},"content":{"rendered":"\n<div class=\"wp-block-group alignfull\" style=\"padding-top:var(--wp--preset--spacing--70);padding-right:var(--wp--preset--spacing--50);padding-bottom:var(--wp--preset--spacing--70);padding-left:var(--wp--preset--spacing--50)\"><div class=\"wp-block-group__inner-container is-layout-constrained wp-container-core-group-is-layout-b05918e7 wp-block-group-is-layout-constrained\">\n<div class=\"wp-block-query is-layout-flow wp-block-query-is-layout-flow\"><ul class=\"wp-block-post-template is-layout-flow wp-block-post-template-is-layout-flow\"><li class=\"wp-block-post post-3218 post type-post status-publish format-standard hentry category-non-classifiee\">\n\n<div class=\"wp-block-group\" style=\"padding-bottom:3rem\"><div class=\"wp-block-group__inner-container is-layout-constrained wp-block-group-is-layout-constrained\">\n<div class=\"wp-block-group\"><div class=\"wp-block-group__inner-container is-layout-constrained wp-block-group-is-layout-constrained\"><div class=\"wp-block-post-date\"><time datetime=\"2025-10-02T07:09:00-04:00\">2 octobre 2025<\/time><\/div>\n\n<h2 style=\"font-style:normal;font-weight:700;\" class=\"has-link-color wp-elements-acefc44dae35703fb1867b2796b3e3d9 wp-block-post-title\"><a href=\"https:\/\/charlesetienneferland.com\/index.php\/2025\/10\/02\/ma-conference-lecrivain-entomologiste-de-quoi-ca-parle\/\" target=\"_self\" >Ma conf\u00e9rence \u00ab L&rsquo;\u00e9crivain entomologiste \u00bb : de quoi \u00e7a parle?<\/a><\/h2><\/div><\/div>\n\n\n\n\n<div class=\"wp-block-post-excerpt\"><p class=\"wp-block-post-excerpt__excerpt\">Le 20 novembre 2025, je vais pr\u00e9senter \u00e0 la Soci\u00e9t\u00e9 d&rsquo;entomologie du Qu\u00e9bec ma conf\u00e9rence \u00ab Dans les coulisses de l&rsquo;\u00e9crivain entomologiste : de l&rsquo;entrepreneuriat artistico-scientifique avec des retomb\u00e9es socio-environnementales positives \u00bb. Mais de quoi est-ce que \u00e7a parle? Dans cet article de blog, je vous invite \u00e0 d\u00e9couvrir le contenu de ma conf\u00e9rence et<\/p><p class=\"wp-block-post-excerpt__more-text\"><a class=\"wp-block-post-excerpt__more-link\" href=\"https:\/\/charlesetienneferland.com\/index.php\/2025\/10\/02\/ma-conference-lecrivain-entomologiste-de-quoi-ca-parle\/\">Read more<\/a><\/p><\/div><\/div><\/div>\n\n<\/li><li class=\"wp-block-post post-3059 post type-post status-publish format-standard hentry category-entrepreneuriat category-non-classifiee category-showyourwork\">\n\n<div class=\"wp-block-group\" style=\"padding-bottom:3rem\"><div class=\"wp-block-group__inner-container is-layout-constrained wp-block-group-is-layout-constrained\">\n<div class=\"wp-block-group\"><div class=\"wp-block-group__inner-container is-layout-constrained wp-block-group-is-layout-constrained\"><div class=\"wp-block-post-date\"><time datetime=\"2025-08-22T12:44:18-04:00\">22 ao\u00fbt 2025<\/time><\/div>\n\n<h2 style=\"font-style:normal;font-weight:700;\" class=\"has-link-color wp-elements-acefc44dae35703fb1867b2796b3e3d9 wp-block-post-title\"><a href=\"https:\/\/charlesetienneferland.com\/index.php\/2025\/08\/22\/showyourwork-aout-2025\/\" target=\"_self\" >#ShowYourWork : Ao\u00fbt 2025<\/a><\/h2><\/div><\/div>\n\n\n\n\n<div class=\"wp-block-post-excerpt\"><p class=\"wp-block-post-excerpt__excerpt\">TL;DR \u2014 Je poursuis mon accompagnement en entrepreneuriat, je clarifie mon rythme de production pour que ce soit sain et durable, je structure mes projets dans Asana (gestion vs. cr\u00e9ation), et je mijote l\u2019id\u00e9e d\u2019ouvrir un poste d\u2019adjoint\u00b7e administratif\u00b7ve pour d\u00e9l\u00e9guer une partie de l\u2019administration et de la coordination afin de me lib\u00e9rer du temps<\/p><p class=\"wp-block-post-excerpt__more-text\"><a class=\"wp-block-post-excerpt__more-link\" href=\"https:\/\/charlesetienneferland.com\/index.php\/2025\/08\/22\/showyourwork-aout-2025\/\">Read more<\/a><\/p><\/div><\/div><\/div>\n\n<\/li><li class=\"wp-block-post post-3030 post type-post status-publish format-standard hentry category-showyourwork\">\n\n<div class=\"wp-block-group\" style=\"padding-bottom:3rem\"><div class=\"wp-block-group__inner-container is-layout-constrained wp-block-group-is-layout-constrained\">\n<div class=\"wp-block-group\"><div class=\"wp-block-group__inner-container is-layout-constrained wp-block-group-is-layout-constrained\"><div class=\"wp-block-post-date\"><time datetime=\"2025-08-20T07:36:41-04:00\">20 ao\u00fbt 2025<\/time><\/div>\n\n<h2 style=\"font-style:normal;font-weight:700;\" class=\"has-link-color wp-elements-acefc44dae35703fb1867b2796b3e3d9 wp-block-post-title\"><a href=\"https:\/\/charlesetienneferland.com\/index.php\/2025\/08\/20\/showyourwork\/\" target=\"_self\" >#ShowYourWork : Des articles de blog pour faire briller les professionnel\u00b7les du milieu litt\u00e9raire<\/a><\/h2><\/div><\/div>\n\n\n\n\n<div class=\"wp-block-post-excerpt\"><p class=\"wp-block-post-excerpt__excerpt\">Je r\u00e9fl\u00e9chis depuis un moment \u00e0 la meilleure mani\u00e8re de faire briller mon milieu \u00e0 travers mon blog. J\u2019aimerais que cet espace devienne non seulement un lieu o\u00f9 je parle de mes projets, mais aussi une plateforme qui met en valeur les professionnel\u00b7les du milieu litt\u00e9raire. En m\u2019inspirant de Show Your Work d\u2019Austin Kleon, j\u2019ai<\/p><p class=\"wp-block-post-excerpt__more-text\"><a class=\"wp-block-post-excerpt__more-link\" href=\"https:\/\/charlesetienneferland.com\/index.php\/2025\/08\/20\/showyourwork\/\">Read more<\/a><\/p><\/div><\/div><\/div>\n\n<\/li><\/ul>\n\n\n\n<\/div>\n<\/div><\/div>\n","protected":false},"excerpt":{"rendered":"","protected":false},"author":2,"featured_media":0,"parent":0,"menu_order":21,"comment_status":"closed","ping_status":"closed","template":"","meta":{"footnotes":""},"class_list":["post-2030","page","type-page","status-publish","hentry"],"jetpack_sharing_enabled":true,"_links":{"self":[{"href":"https:\/\/charlesetienneferland.com\/index.php\/wp-json\/wp\/v2\/pages\/2030","targetHints":{"allow":["GET"]}}],"collection":[{"href":"https:\/\/charlesetienneferland.com\/index.php\/wp-json\/wp\/v2\/pages"}],"about":[{"href":"https:\/\/charlesetienneferland.com\/index.php\/wp-json\/wp\/v2\/types\/page"}],"author":[{"embeddable":true,"href":"https:\/\/charlesetienneferland.com\/index.php\/wp-json\/wp\/v2\/users\/2"}],"replies":[{"embeddable":true,"href":"https:\/\/charlesetienneferland.com\/index.php\/wp-json\/wp\/v2\/comments?post=2030"}],"version-history":[{"count":4,"href":"https:\/\/charlesetienneferland.com\/index.php\/wp-json\/wp\/v2\/pages\/2030\/revisions"}],"predecessor-version":[{"id":3408,"href":"https:\/\/charlesetienneferland.com\/index.php\/wp-json\/wp\/v2\/pages\/2030\/revisions\/3408"}],"wp:attachment":[{"href":"https:\/\/charlesetienneferland.com\/index.php\/wp-json\/wp\/v2\/media?parent=2030"}],"curies":[{"name":"wp","href":"https:\/\/api.w.org\/{rel}","templated":true}]}}