{"id":3432,"date":"2026-02-27T17:24:47","date_gmt":"2026-02-27T22:24:47","guid":{"rendered":"https:\/\/charlesetienneferland.com\/?page_id=3432"},"modified":"2026-03-18T16:28:23","modified_gmt":"2026-03-18T20:28:23","slug":"equipe","status":"publish","type":"page","link":"https:\/\/charlesetienneferland.com\/index.php\/equipe\/","title":{"rendered":"\u00c9quipe"},"content":{"rendered":"\n<p class=\"has-large-font-size\"><strong>Direction<\/strong><\/p>\n\n\n\n<div class=\"wp-block-columns is-layout-flex wp-container-core-columns-is-layout-9d6595d7 wp-block-columns-is-layout-flex\">\n<div class=\"wp-block-column is-layout-flow wp-block-column-is-layout-flow\">\n<figure class=\"wp-block-image size-full is-style-rounded\"><img data-recalc-dims=\"1\" loading=\"lazy\" decoding=\"async\" width=\"1200\" height=\"1200\" src=\"https:\/\/i0.wp.com\/charlesetienneferland.com\/wp-content\/uploads\/2024\/10\/IMG_9847.jpg?resize=1200%2C1200&#038;ssl=1\" alt=\"\" class=\"wp-image-2898\" srcset=\"https:\/\/i0.wp.com\/charlesetienneferland.com\/wp-content\/uploads\/2024\/10\/IMG_9847.jpg?w=2865&amp;ssl=1 2865w, https:\/\/i0.wp.com\/charlesetienneferland.com\/wp-content\/uploads\/2024\/10\/IMG_9847.jpg?resize=300%2C300&amp;ssl=1 300w, https:\/\/i0.wp.com\/charlesetienneferland.com\/wp-content\/uploads\/2024\/10\/IMG_9847.jpg?resize=1024%2C1024&amp;ssl=1 1024w, https:\/\/i0.wp.com\/charlesetienneferland.com\/wp-content\/uploads\/2024\/10\/IMG_9847.jpg?resize=150%2C150&amp;ssl=1 150w, https:\/\/i0.wp.com\/charlesetienneferland.com\/wp-content\/uploads\/2024\/10\/IMG_9847.jpg?resize=768%2C768&amp;ssl=1 768w, https:\/\/i0.wp.com\/charlesetienneferland.com\/wp-content\/uploads\/2024\/10\/IMG_9847.jpg?resize=1536%2C1536&amp;ssl=1 1536w, https:\/\/i0.wp.com\/charlesetienneferland.com\/wp-content\/uploads\/2024\/10\/IMG_9847.jpg?resize=2048%2C2048&amp;ssl=1 2048w, https:\/\/i0.wp.com\/charlesetienneferland.com\/wp-content\/uploads\/2024\/10\/IMG_9847.jpg?resize=125%2C125&amp;ssl=1 125w, https:\/\/i0.wp.com\/charlesetienneferland.com\/wp-content\/uploads\/2024\/10\/IMG_9847.jpg?w=2400&amp;ssl=1 2400w\" sizes=\"auto, (max-width: 1200px) 100vw, 1200px\" \/><\/figure>\n<\/div>\n\n\n\n<div class=\"wp-block-column is-layout-flow wp-block-column-is-layout-flow\">\n<div style=\"height:150px\" aria-hidden=\"true\" class=\"wp-block-spacer\"><\/div>\n\n\n\n<details class=\"wp-block-details is-layout-flow wp-block-details-is-layout-flow\"><summary><strong>Charles-\u00c9tienne Ferland, M. Sc. (il\/lui)<\/strong><\/summary>\n<p class=\"has-small-font-size\"><br>\u00c9crivain, conf\u00e9rencier et entomologiste<br>Fondateur et directeur de cr\u00e9ation<br><br>Charles-\u00c9tienne Ferland est l&rsquo;auteur des romans&nbsp;<em>D\u00e9vor\u00e9s<\/em> (bestseller),&nbsp;<em>M\u00e9tamorphoses<\/em> (finaliste au Prix Trillium), <em>Max d&rsquo;Exxila<\/em>, du recueil de nouvelles <em>Une dent contre l\u2019ordinaire<\/em> et de l&rsquo;album piano <em>Microcosmes<\/em>. Depuis 2018, ses oeuvres ont g\u00e9n\u00e9r\u00e9 une centaine de recensions m\u00e9diatiques. Depuis 2024, il verse au moins 3 % de ses droits d\u2019auteur \u00e0 des organismes de lutte en justice sociale et environnementale.<\/p>\n\n\n\n<p class=\"has-small-font-size\">Apr\u00e8s une maitrise en \u00e9cologie des insectes de l\u2019universit\u00e9 de Guelph (2017-2020), il a collabor\u00e9 avec un centre de recherche en agriculture sur des projets de lutte int\u00e9gr\u00e9e (2019-2020), le Mus\u00e9e d&rsquo;histoire naturelle du Danemark sur le projet <a href=\"https:\/\/dkbdigitaldesigns.com\/bugdex\/\" target=\"_blank\" rel=\"noreferrer noopener\">Bugdex<\/a> (2020-2023), et l\u2019Insectarium de Montr\u00e9al sur des projets d&rsquo;\u00e9cologie des insectes, de science participative et de conservation de la biodiversit\u00e9 urbaine (2023-2026).<br><br>Il est le r\u00e9cipiendaire de trois bourses du Conseil des arts du Canada et de la d\u00e9coration L\u00e9on-Provancher de la Soci\u00e9t\u00e9 d&rsquo;entomologie du Qu\u00e9bec (2025). Dans ses temps libres, il aime jouer au go, pratiquer le karat\u00e9 et faire des randonn\u00e9es ornithologiques.<\/p>\n<\/details>\n\n\n\n<details class=\"wp-block-details is-layout-flow wp-block-details-is-layout-flow\"><summary>Comp\u00e9tences<\/summary>\n<p class=\"has-small-font-size\"><br>cr\u00e9ativit\u00e9 transdisciplinaire appliqu\u00e9e \u00b7 gestion de projet \u00b7 vision strat\u00e9gique \u00b7 \u00e9cologie des insectes \u00b7 science participative<\/p>\n<\/details>\n\n\n\n<details class=\"wp-block-details is-layout-flow wp-block-details-is-layout-flow\"><summary>Contact<\/summary>\n<p class=\"has-small-font-size\"><br>info@charlesetienneferland.com<br><a href=\"https:\/\/www.linkedin.com\/in\/charles-%C3%A9tienne-ferland\/\">Page Linkedin<\/a><\/p>\n<\/details>\n\n\n\n<p class=\"has-small-font-size\"><br><a href=\"https:\/\/charlesetienneferland.com\/wp-content\/uploads\/2026\/02\/CV_CEF.docx-23-fev-2026.pdf\">CV<\/a> |\u00a0<a href=\"https:\/\/charlesetienneferland.com\/wp-content\/uploads\/2026\/02\/CV-artistique-24-fev-2026.pdf\">CV artistique<\/a><\/p>\n<\/div>\n<\/div>\n\n\n\n<div style=\"height:100px\" aria-hidden=\"true\" class=\"wp-block-spacer\"><\/div>\n\n\n\n<p class=\"has-large-font-size\"><strong>\u00c9quipe permanente<\/strong><\/p>\n\n\n\n<div class=\"wp-block-columns is-layout-flex wp-container-core-columns-is-layout-9d6595d7 wp-block-columns-is-layout-flex\">\n<div class=\"wp-block-column is-layout-flow wp-block-column-is-layout-flow\">\n<p>Ariane Mercier<\/p>\n<\/div>\n\n\n\n<div class=\"wp-block-column is-layout-flow wp-block-column-is-layout-flow\">\n<p>Charg\u00e9e de projets, membre du comit\u00e9 Exxila<\/p>\n<\/div>\n<\/div>\n\n\n\n<div style=\"height:100px\" aria-hidden=\"true\" class=\"wp-block-spacer\"><\/div>\n\n\n\n<p class=\"has-large-font-size\"><strong>Collaborateur.trice.s<\/strong><\/p>\n\n\n\n<div class=\"wp-block-columns is-layout-flex wp-container-core-columns-is-layout-9d6595d7 wp-block-columns-is-layout-flex\">\n<div class=\"wp-block-column is-layout-flow wp-block-column-is-layout-flow\">\n<p>Anouck Beaucage<\/p>\n\n\n\n<p>C\u00e9cile Bardon<\/p>\n\n\n\n<p>\u00c9milie Boucher<\/p>\n\n\n\n<p>\u00c9milie Tron<\/p>\n\n\n\n<p>Francisco Sottolichio<\/p>\n\n\n\n<p>Genevi\u00e8ve Boyer<\/p>\n\n\n\n<p>Geoffrey Bodenan<\/p>\n\n\n\n<p>Hicham Absa<\/p>\n\n\n\n<p>Sarah Hadjou<\/p>\n\n\n\n<p>Suzanne Deutsch<\/p>\n<\/div>\n\n\n\n<div class=\"wp-block-column is-layout-flow wp-block-column-is-layout-flow\">\n<p>Membre du comit\u00e9 D\u00e9vor\u00e9s<\/p>\n\n\n\n<p>Membre du comit\u00e9 Exxila<\/p>\n\n\n\n<p>Pianiste<\/p>\n\n\n\n<p>Membre du comit\u00e9 Exxila<\/p>\n\n\n\n<p>D\u00e9veloppeur web<\/p>\n\n\n\n<p>Membre du comit\u00e9 Exxila<\/p>\n\n\n\n<p>Membre du comit\u00e9 Exxila<\/p>\n\n\n\n<p>B\u00e9d\u00e9iste<\/p>\n\n\n\n<p>Graphiste, illustratrice et membre du comit\u00e9 Exxila<\/p>\n\n\n\n<p>Membre du comit\u00e9 Exxila<\/p>\n<\/div>\n<\/div>\n\n\n\n<div style=\"height:100px\" aria-hidden=\"true\" class=\"wp-block-spacer\"><\/div>\n\n\n\n<p class=\"has-large-font-size\"><strong>Partenariats<\/strong><\/p>\n\n\n\n<div class=\"wp-block-columns is-layout-flex wp-container-core-columns-is-layout-9d6595d7 wp-block-columns-is-layout-flex\">\n<div class=\"wp-block-column is-layout-flow wp-block-column-is-layout-flow\">\n<p>Les \u00c9ditions David<\/p>\n\n\n\n<p>Les \u00c9ditions L&rsquo;Interligne<\/p>\n\n\n\n<p>Les \u00c9ditions Prise de parole<\/p>\n\n\n\n<p>Les productions Microfaune<\/p>\n<\/div>\n\n\n\n<div class=\"wp-block-column is-layout-flow wp-block-column-is-layout-flow\">\n<p>\u00c9diteur de la saga Exxila en fran\u00e7ais<\/p>\n\n\n\n<p>\u00c9diteur de la saga D\u00e9vor\u00e9s en fran\u00e7ais<\/p>\n\n\n\n<p>\u00c9diteur du recueil de nouvelles Une dent contre l&rsquo;ordinaire<\/p>\n\n\n\n<p>Producteur de l&rsquo;album Microcosmes<\/p>\n<\/div>\n<\/div>\n\n\n\n<div style=\"height:100px\" aria-hidden=\"true\" class=\"wp-block-spacer\"><\/div>\n\n\n\n<p><strong>Envie de te joindre \u00e0 l&rsquo;\u00e9quipe du studio? <\/strong>G\u00e9n\u00e9ralement quand on a un poste \u00e0 combler, on l&rsquo;annonce sur notre page <strong><a href=\"https:\/\/charlesetienneferland.com\/index.php\/emplois\/\">Emplois<\/a><\/strong> dans nos r\u00e9seaux sociaux et notre infolettre. Cela dit, tu peux toujours nous faire parvenir une candidature spontan\u00e9e \ud83d\ude42<\/p>\n\n\n\n<div style=\"height:100px\" aria-hidden=\"true\" class=\"wp-block-spacer\"><\/div>\n","protected":false},"excerpt":{"rendered":"<p>Direction CV |\u00a0CV artistique \u00c9quipe permanente Ariane Mercier Charg\u00e9e de projets, membre du comit\u00e9 Exxila Collaborateur.trice.s Anouck Beaucage C\u00e9cile Bardon \u00c9milie Boucher \u00c9milie Tron Francisco Sottolichio Genevi\u00e8ve Boyer Geoffrey Bodenan Hicham Absa Sarah Hadjou Suzanne Deutsch Membre du comit\u00e9 D\u00e9vor\u00e9s Membre du comit\u00e9 Exxila Pianiste Membre du comit\u00e9 Exxila D\u00e9veloppeur web Membre du comit\u00e9 Exxila<a class=\"excerpt-read-more\" href=\"https:\/\/charlesetienneferland.com\/index.php\/equipe\/\" title=\"Read\u00c9quipe\">&#8230; Read more &raquo;<\/a><\/p>\n","protected":false},"author":2,"featured_media":0,"parent":0,"menu_order":10,"comment_status":"closed","ping_status":"closed","template":"","meta":{"footnotes":""},"class_list":["post-3432","page","type-page","status-publish","hentry"],"jetpack_sharing_enabled":true,"_links":{"self":[{"href":"https:\/\/charlesetienneferland.com\/index.php\/wp-json\/wp\/v2\/pages\/3432","targetHints":{"allow":["GET"]}}],"collection":[{"href":"https:\/\/charlesetienneferland.com\/index.php\/wp-json\/wp\/v2\/pages"}],"about":[{"href":"https:\/\/charlesetienneferland.com\/index.php\/wp-json\/wp\/v2\/types\/page"}],"author":[{"embeddable":true,"href":"https:\/\/charlesetienneferland.com\/index.php\/wp-json\/wp\/v2\/users\/2"}],"replies":[{"embeddable":true,"href":"https:\/\/charlesetienneferland.com\/index.php\/wp-json\/wp\/v2\/comments?post=3432"}],"version-history":[{"count":32,"href":"https:\/\/charlesetienneferland.com\/index.php\/wp-json\/wp\/v2\/pages\/3432\/revisions"}],"predecessor-version":[{"id":3931,"href":"https:\/\/charlesetienneferland.com\/index.php\/wp-json\/wp\/v2\/pages\/3432\/revisions\/3931"}],"wp:attachment":[{"href":"https:\/\/charlesetienneferland.com\/index.php\/wp-json\/wp\/v2\/media?parent=3432"}],"curies":[{"name":"wp","href":"https:\/\/api.w.org\/{rel}","templated":true}]}}