{"id":3440,"date":"2026-02-27T17:30:59","date_gmt":"2026-02-27T22:30:59","guid":{"rendered":"https:\/\/charlesetienneferland.com\/?page_id=3440"},"modified":"2026-03-02T11:23:00","modified_gmt":"2026-03-02T16:23:00","slug":"la-saga-devores","status":"publish","type":"page","link":"https:\/\/charlesetienneferland.com\/index.php\/la-saga-devores\/","title":{"rendered":"La saga D\u00e9vor\u00e9s"},"content":{"rendered":"\n<div class=\"wp-block-cover\"><img data-recalc-dims=\"1\" loading=\"lazy\" decoding=\"async\" width=\"1200\" height=\"758\" class=\"wp-block-cover__image-background wp-image-3420\" alt=\"\" src=\"https:\/\/i0.wp.com\/charlesetienneferland.com\/wp-content\/uploads\/2026\/02\/devores_cover_1-1-2-e1772250634957.jpg?resize=1200%2C758&#038;ssl=1\" style=\"object-position:50% 85%\" data-object-fit=\"cover\" data-object-position=\"50% 85%\" srcset=\"https:\/\/i0.wp.com\/charlesetienneferland.com\/wp-content\/uploads\/2026\/02\/devores_cover_1-1-2-e1772250634957.jpg?w=2200&amp;ssl=1 2200w, https:\/\/i0.wp.com\/charlesetienneferland.com\/wp-content\/uploads\/2026\/02\/devores_cover_1-1-2-e1772250634957.jpg?resize=300%2C190&amp;ssl=1 300w, https:\/\/i0.wp.com\/charlesetienneferland.com\/wp-content\/uploads\/2026\/02\/devores_cover_1-1-2-e1772250634957.jpg?resize=1024%2C647&amp;ssl=1 1024w, https:\/\/i0.wp.com\/charlesetienneferland.com\/wp-content\/uploads\/2026\/02\/devores_cover_1-1-2-e1772250634957.jpg?resize=768%2C485&amp;ssl=1 768w, https:\/\/i0.wp.com\/charlesetienneferland.com\/wp-content\/uploads\/2026\/02\/devores_cover_1-1-2-e1772250634957.jpg?resize=1536%2C970&amp;ssl=1 1536w, https:\/\/i0.wp.com\/charlesetienneferland.com\/wp-content\/uploads\/2026\/02\/devores_cover_1-1-2-e1772250634957.jpg?resize=2048%2C1294&amp;ssl=1 2048w\" sizes=\"auto, (max-width: 1200px) 100vw, 1200px\" \/><span aria-hidden=\"true\" class=\"wp-block-cover__background has-background-dim\"><\/span><div class=\"wp-block-cover__inner-container is-layout-flow wp-block-cover-is-layout-flow\">\n<p class=\"has-text-align-center has-large-font-size\">La saga D\u00e9vor\u00e9s<\/p>\n<\/div><\/div>\n\n\n\n<div style=\"height:20px\" aria-hidden=\"true\" class=\"wp-block-spacer\"><\/div>\n\n\n\n<p class=\"has-text-align-center has-medium-font-size\">Toutes les histoires de la saga D\u00e9vor\u00e9s sont pr\u00e9vues pour pouvoir se lire de mani\u00e8re ind\u00e9pendante, dans n&rsquo;importe quel ordre.<\/p>\n\n\n\n<p>Un premier projet d\u2019\u00e9criture d\u00e9but\u00e9 en 2013 a abouti \u00e0 la publication de <strong>D\u00e9vor\u00e9s<\/strong> en 2018 chez L\u2019Interligne (finaliste au prix \u00c9mergence de l\u2019AAOF), suivi de <strong>M\u00e9tamorphoses<\/strong> en 2020 chez le m\u00eame \u00e9diteur (finaliste au Prix Trillium). Le troisi\u00e8me titre de la saga, <strong>Parasites<\/strong>, est actuellement en pr\u00e9paration; un extrait est paru dans <a href=\"https:\/\/sodep.qc.ca\/solaris-234\/\">Solaris 234<\/a> en 2025.<\/p>\n\n\n\n<div style=\"height:100px\" aria-hidden=\"true\" class=\"wp-block-spacer\"><\/div>\n\n\n\n<div class=\"wp-block-media-text is-stacked-on-mobile\" style=\"grid-template-columns:20% auto\"><figure class=\"wp-block-media-text__media\"><img data-recalc-dims=\"1\" loading=\"lazy\" decoding=\"async\" width=\"691\" height=\"966\" src=\"https:\/\/i0.wp.com\/charlesetienneferland.com\/wp-content\/uploads\/2019\/01\/1547947719-3456775714-e1684158188543.png?resize=691%2C966&#038;ssl=1\" alt=\"\" class=\"wp-image-400 size-full\" srcset=\"https:\/\/i0.wp.com\/charlesetienneferland.com\/wp-content\/uploads\/2019\/01\/1547947719-3456775714-e1684158188543.png?w=691&amp;ssl=1 691w, https:\/\/i0.wp.com\/charlesetienneferland.com\/wp-content\/uploads\/2019\/01\/1547947719-3456775714-e1684158188543.png?resize=215%2C300&amp;ssl=1 215w\" sizes=\"auto, (max-width: 691px) 100vw, 691px\" \/><\/figure><div class=\"wp-block-media-text__content\">\n<p class=\"has-large-font-size\"><strong>D\u00e9vor\u00e9s<\/strong> (bestseller)<\/p>\n\n\n\n<p class=\"has-small-font-size\"><strong>Ann\u00e9e de publication : 2018<\/strong><br>#sciencefiction #urbanfantasy #montreal #thriller #horror #postapocalyptic<strong><br><\/strong>Les r\u00e9serves alimentaires et les cultures agricoles mondiales sont ravag\u00e9es par une nouvelle esp\u00e8ce d\u2019insecte qui op\u00e8re jusqu\u2019\u00e0 ce qu\u2019il ne reste presque plus rien \u00e0 manger. Alors, elle se tourne vers une nouvelle proie : l\u2019\u00eatre humain. L\u2019enfer sur terre : vie mis\u00e9rable, chaos, d\u00e9solation sont le lot des survivants. Jack et ses colocs parviendront-ils \u00e0 survivre dans les d\u00e9combres de Montr\u00e9al?<\/p>\n\n\n\n<p class=\"has-vivid-red-color has-text-color has-link-color has-small-font-size wp-elements-237013c27c4b71a29a4f60ce5e48f3a3\"><a href=\"https:\/\/www.journaldemontreal.com\/2018\/08\/18\/un-montreal-post-apocalyptique\" target=\"_blank\" rel=\"noreferrer noopener\">Critique du Journal de Montr\u00e9al<\/a><br><a href=\"https:\/\/www.youtube.com\/watch?v=vH1ZHg8dOC0\" target=\"_blank\" rel=\"noreferrer noopener\">Entrevue TVRS<\/a><br><a href=\"https:\/\/www.youtube.com\/watch?v=U1wX56DXM14\" target=\"_blank\" rel=\"noreferrer noopener\">Croquis litt\u00e9raire TFO<\/a><\/p>\n\n\n\n<div class=\"wp-block-buttons is-layout-flex wp-block-buttons-is-layout-flex\">\n<div class=\"wp-block-button\"><a class=\"wp-block-button__link has-small-font-size has-custom-font-size wp-element-button\" href=\"https:\/\/www.leslibraires.ca\/livres\/devores-charles-etienne-ferland-9782896995905.html\">Acheter<\/a><\/div>\n<\/div>\n\n\n\n<style>\n  #goodreads-widget {\n    font-family: georgia, serif;\n    padding: 18px 0;\n    width:800px;\n  }\n  #goodreads-widget h1 {\n    font-weight:normal;\n    font-size: 16px;\n    border-bottom: 1px solid #BBB596;\n    margin-bottom: 0;\n  }\n  #goodreads-widget a {\n    text-decoration: none;\n    color:#660;\n  }\n  iframe{\n    background-color: #ffffff;\n  }\n  #goodreads-widget a:hover { text-decoration: underline; }\n  #goodreads-widget a:active {\n    color:#660;\n  }\n  #gr_footer {\n    width: 100%;\n    border-top: 1px solid #BBB596;\n    text-align: right;\n  }\n  #goodreads-widget .gr_branding{\n    color: #382110;\n    font-size: 11px;\n    text-decoration: none;\n    font-family: \"Helvetica Neue\", Helvetica, Arial, sans-serif;\n  }\n<\/style>\n<div id=\"goodreads-widget\">\n  <div id=\"gr_header\"><h1><a rel=\"nofollow\" href=\"https:\/\/www.goodreads.com\/book\/show\/38356706-d-vor-s\">Notes sur Goodreads<\/a><\/h1><\/div>\n  <iframe loading=\"lazy\" sandbox id=\"the_iframe\" src=\"https:\/\/www.goodreads.com\/api\/reviews_widget_iframe?did=DEVELOPER_ID&#038;format=html&#038;header_text=Notes+sur+Goodreads&#038;isbn=2896995900&#038;links=660&#038;min_rating=&#038;num_reviews=&#038;review_back=ffffff&#038;stars=000000&#038;stylesheet=&#038;text=444\" width=\"800\" height=\"200\" frameborder=\"0\"><\/iframe>\n  <div id=\"gr_footer\">\n    <a class=\"gr_branding\" target=\"_blank\" rel=\"nofollow noopener noreferrer\" href=\"https:\/\/www.goodreads.com\/book\/show\/38356706-d-vor-s?utm_medium=api&#038;utm_source=reviews_widget\">Reviews from Goodreads.com<\/a>\n  <\/div>\n<\/div>\n\n\n\n<div class=\"wp-block-media-text is-stacked-on-mobile\" style=\"grid-template-columns:24% auto\"><figure class=\"wp-block-media-text__media\"><img data-recalc-dims=\"1\" loading=\"lazy\" decoding=\"async\" width=\"751\" height=\"1024\" src=\"https:\/\/i0.wp.com\/charlesetienneferland.com\/wp-content\/uploads\/2023\/11\/decc81vorecc81s_cover_1.jpg?resize=751%2C1024&#038;ssl=1\" alt=\"\" class=\"wp-image-2298 size-full\" srcset=\"https:\/\/i0.wp.com\/charlesetienneferland.com\/wp-content\/uploads\/2023\/11\/decc81vorecc81s_cover_1-scaled.jpg?resize=751%2C1024&amp;ssl=1 751w, https:\/\/i0.wp.com\/charlesetienneferland.com\/wp-content\/uploads\/2023\/11\/decc81vorecc81s_cover_1-scaled.jpg?resize=220%2C300&amp;ssl=1 220w, https:\/\/i0.wp.com\/charlesetienneferland.com\/wp-content\/uploads\/2023\/11\/decc81vorecc81s_cover_1-scaled.jpg?resize=768%2C1047&amp;ssl=1 768w, https:\/\/i0.wp.com\/charlesetienneferland.com\/wp-content\/uploads\/2023\/11\/decc81vorecc81s_cover_1-scaled.jpg?resize=1127%2C1536&amp;ssl=1 1127w, https:\/\/i0.wp.com\/charlesetienneferland.com\/wp-content\/uploads\/2023\/11\/decc81vorecc81s_cover_1-scaled.jpg?resize=1503%2C2048&amp;ssl=1 1503w, https:\/\/i0.wp.com\/charlesetienneferland.com\/wp-content\/uploads\/2023\/11\/decc81vorecc81s_cover_1-scaled.jpg?w=1879&amp;ssl=1 1879w\" sizes=\"auto, (max-width: 751px) 100vw, 751px\" \/><\/figure><div class=\"wp-block-media-text__content\">\n<p class=\"has-medium-font-size\">Vous pourriez aussi aimer<\/p>\n\n\n\n<p class=\"has-medium-font-size\"><strong>Le projet pilote<\/strong> <strong>D\u00e9vor\u00e9s en BD<\/strong><\/p>\n\n\n\n<p class=\"has-small-font-size\"><strong>Ann\u00e9e de publication : 2022<br><\/strong>Illustrations : Hicham Absa<\/p>\n\n\n\n<div style=\"height:20px\" aria-hidden=\"true\" class=\"wp-block-spacer\"><\/div>\n\n\n\n<div style=\"height:0px\" aria-hidden=\"true\" class=\"wp-block-spacer\"><\/div>\n\n\n\n<div class=\"wp-block-buttons is-layout-flex wp-block-buttons-is-layout-flex\">\n<div class=\"wp-block-button has-custom-width wp-block-button__width-50\"><a class=\"wp-block-button__link has-small-font-size has-custom-font-size wp-element-button\" href=\"https:\/\/charlesetienneferland.com\/wp-content\/uploads\/2023\/12\/BD_complete.pdf\">T\u00e9l\u00e9charger<\/a><\/div>\n<\/div>\n<\/div><\/div>\n<\/div><\/div>\n\n\n\n<div style=\"height:150px\" aria-hidden=\"true\" class=\"wp-block-spacer\"><\/div>\n\n\n\n<div class=\"wp-block-media-text is-stacked-on-mobile\" style=\"grid-template-columns:20% auto\"><figure class=\"wp-block-media-text__media\"><img data-recalc-dims=\"1\" loading=\"lazy\" decoding=\"async\" width=\"652\" height=\"1024\" src=\"https:\/\/i0.wp.com\/charlesetienneferland.com\/wp-content\/uploads\/2020\/06\/cover_3d-3530789687-e1684157840459-652x1024.png?resize=652%2C1024&#038;ssl=1\" alt=\"\" class=\"wp-image-736 size-full\" srcset=\"https:\/\/i0.wp.com\/charlesetienneferland.com\/wp-content\/uploads\/2020\/06\/cover_3d-3530789687-e1684157840459.png?resize=652%2C1024&amp;ssl=1 652w, https:\/\/i0.wp.com\/charlesetienneferland.com\/wp-content\/uploads\/2020\/06\/cover_3d-3530789687-e1684157840459.png?resize=191%2C300&amp;ssl=1 191w, https:\/\/i0.wp.com\/charlesetienneferland.com\/wp-content\/uploads\/2020\/06\/cover_3d-3530789687-e1684157840459.png?w=735&amp;ssl=1 735w\" sizes=\"auto, (max-width: 652px) 100vw, 652px\" \/><\/figure><div class=\"wp-block-media-text__content\">\n<p class=\"has-large-font-size\"><strong>M\u00e9tamorphoses<\/strong><\/p>\n\n\n\n<p class=\"has-small-font-size\"><strong>Ann\u00e9e de publication : 2020<\/strong><br>#sciencefiction #urbanfantasy #canlit #thriller #horror #postapocalyptic<br>Pr\u00e8s d&rsquo;un an s&rsquo;est \u00e9coul\u00e9 depuis la fin du monde tel qu&rsquo;on le connaissait. Jack suit le fleuve Saint-Laurent de Montr\u00e9al vers Kingston pour rejoindre Main Duck Island, o\u00f9 sa famille se serait r\u00e9fugi\u00e9e. Sur la route, de nombreux p\u00e9rils le guettent, comme une cr\u00e9ature assoiff\u00e9e de sang qui r\u00f4de autour d&rsquo;une communaut\u00e9 sous un d\u00f4me. Jack parviendra-t-il \u00e0 vaincre la b\u00eate?<\/p>\n\n\n\n<p class=\"has-vivid-red-color has-text-color has-link-color has-small-font-size wp-elements-b2ecb2cf25a32d55d50570ccff33ab7c\"><a href=\"https:\/\/plus.lapresse.ca\/screens\/f75c8639-e20c-4d58-a5ff-a0bd79176a45__7C___0.html?utm_content=ulink&amp;utm_source=lpp&amp;utm_medium=referral&amp;utm_campaign=internal+share\" target=\"_blank\" rel=\"noreferrer noopener\">Critique de La Presse<\/a><br><a href=\"https:\/\/www.youtube.com\/watch?v=QRgtdkL-3iU&amp;feature=youtu.be\" target=\"_blank\" rel=\"noreferrer noopener\">Plus on est de fous, plus on lit<\/a><br><a href=\"https:\/\/revue.leslibraires.ca\/entrevues\/litteratures-de-l-imaginaire\/la-metamorphose-de-charles-etienne-ferland\/\" target=\"_blank\" rel=\"noreferrer noopener\">Article Les libraires<\/a><br><a href=\"https:\/\/www.youtube.com\/watch?v=YX3UVNs9itc&amp;t=1s\" target=\"_blank\" rel=\"noreferrer noopener\">Entrevue Radio-Canada<\/a><\/p>\n\n\n\n<div class=\"wp-block-buttons is-layout-flex wp-block-buttons-is-layout-flex\">\n<div class=\"wp-block-button\"><a class=\"wp-block-button__link has-small-font-size has-custom-font-size wp-element-button\" href=\"https:\/\/www.leslibraires.ca\/livres\/metamorphoses-charles-etienne-ferland-9782896997145.html\">Acheter<\/a><\/div>\n<\/div>\n\n\n\n<style>\n  #goodreads-widget {\n    font-family: georgia, serif;\n    padding: 18px 0;\n    width:800px;\n  }\n  #goodreads-widget h1 {\n    font-weight:normal;\n    font-size: 16px;\n    border-bottom: 1px solid #BBB596;\n    margin-bottom: 0;\n  }\n  #goodreads-widget a {\n    text-decoration: none;\n    color:#660;\n  }\n  iframe{\n    background-color: #ffffff;\n  }\n  #goodreads-widget a:hover { text-decoration: underline; }\n  #goodreads-widget a:active {\n    color:#660;\n  }\n  #gr_footer {\n    width: 100%;\n    border-top: 1px solid #BBB596;\n    text-align: right;\n  }\n  #goodreads-widget .gr_branding{\n    color: #382110;\n    font-size: 11px;\n    text-decoration: none;\n    font-family: \"Helvetica Neue\", Helvetica, Arial, sans-serif;\n  }\n<\/style>\n<div id=\"goodreads-widget\">\n  <div id=\"gr_header\"><h1><a rel=\"nofollow\" href=\"https:\/\/www.goodreads.com\/book\/show\/55851509-m-tamorphoses\">Notes sur Goodreads<\/a><\/h1><\/div>\n  <iframe loading=\"lazy\" sandbox id=\"the_iframe\" src=\"https:\/\/www.goodreads.com\/api\/reviews_widget_iframe?did=DEVELOPER_ID&#038;format=html&#038;header_text=Notes+sur+Goodreads&#038;isbn=9782896997145&#038;links=660&#038;min_rating=&#038;num_reviews=&#038;review_back=ffffff&#038;stars=000000&#038;stylesheet=&#038;text=444\" width=\"800\" height=\"200\" frameborder=\"0\"><\/iframe>\n  <div id=\"gr_footer\">\n    <a class=\"gr_branding\" target=\"_blank\" rel=\"nofollow noopener noreferrer\" href=\"https:\/\/www.goodreads.com\/book\/show\/55851509-m-tamorphoses?utm_medium=api&#038;utm_source=reviews_widget\">Reviews from Goodreads.com<\/a>\n  <\/div>\n<\/div>\n<\/div><\/div>\n\n\n\n<div style=\"height:150px\" aria-hidden=\"true\" class=\"wp-block-spacer\"><\/div>\n\n\n\n<div class=\"wp-block-media-text is-stacked-on-mobile\" style=\"grid-template-columns:20% auto\"><figure class=\"wp-block-media-text__media\"><img data-recalc-dims=\"1\" loading=\"lazy\" decoding=\"async\" width=\"242\" height=\"336\" src=\"https:\/\/i0.wp.com\/charlesetienneferland.com\/wp-content\/uploads\/2026\/03\/Screenshot-2026-03-02-at-11.22.42-AM.png?resize=242%2C336&#038;ssl=1\" alt=\"\" class=\"wp-image-3779 size-full\" srcset=\"https:\/\/i0.wp.com\/charlesetienneferland.com\/wp-content\/uploads\/2026\/03\/Screenshot-2026-03-02-at-11.22.42-AM.png?w=242&amp;ssl=1 242w, https:\/\/i0.wp.com\/charlesetienneferland.com\/wp-content\/uploads\/2026\/03\/Screenshot-2026-03-02-at-11.22.42-AM.png?resize=216%2C300&amp;ssl=1 216w\" sizes=\"auto, (max-width: 242px) 100vw, 242px\" \/><\/figure><div class=\"wp-block-media-text__content\">\n<p class=\"has-large-font-size\"><strong>Parasites<\/strong><\/p>\n\n\n\n<p class=\"has-small-font-size\"><strong>Ann\u00e9e de publication : \u00e0 venir<br><\/strong>Vingt ans apr\u00e8s qu\u2019un magnat de la biotechnologie ait d\u00e9clench\u00e9 une invasion mondiale de gu\u00eapes g\u00e9n\u00e9tiquement modifi\u00e9es pour \u00ab r\u00e9initialiser \u00bb l\u2019humanit\u00e9 et pr\u00e9server une \u00e9lite, le Qu\u00e9bec et l\u2019Ontario ne sont plus qu\u2019un archipel de bastions retranch\u00e9s. Les essaims dominent le jour, r\u00e9coltent le sang humain pour nourrir un champignon vampirique qui le transforme en h\u00e9monectar (substance \u00e9nerg\u00e9tique servant de carburant vital aux gu\u00eapes.), et se reproduisent par des larves implant\u00e9es dans des prisonniers.<\/p>\n\n\n\n<p class=\"has-small-font-size\">\u00c0 Montr\u00e9al, Toronto et dans les Mille-\u00celes, des survivants s\u2019organisent, tandis que Jack tente de rejoindre sa famille r\u00e9fugi\u00e9e sur une \u00eele du lac Ontario. Quand une chercheuse d\u00e9couvre que des petits vers parasitaires peuvent affaiblir les gu\u00eapes, l\u2019espoir d\u2019un renversement \u00e9merge\u2026 mais l\u2019intervention lib\u00e8re des h\u00f4tes affam\u00e9s qui, en consommant l\u2019h\u00e9monectar, deviennent des symbiotes anthropophages. La guerre contre les insectes se mue alors en conflit entre humains et symbiotes.<\/p>\n<\/div><\/div>\n\n\n\n<div style=\"height:100px\" aria-hidden=\"true\" class=\"wp-block-spacer\"><\/div>\n\n\n<div class=\"wp-block-image\">\n<figure class=\"aligncenter size-large is-resized\"><img data-recalc-dims=\"1\" loading=\"lazy\" decoding=\"async\" width=\"1024\" height=\"178\" src=\"https:\/\/i0.wp.com\/charlesetienneferland.com\/wp-content\/uploads\/2026\/02\/CAC-lockup-FR-RGB-Black.png?resize=1024%2C178&#038;ssl=1\" alt=\"\" class=\"wp-image-3297\" style=\"aspect-ratio:5.7527612574341545;width:345px;height:auto\" srcset=\"https:\/\/i0.wp.com\/charlesetienneferland.com\/wp-content\/uploads\/2026\/02\/CAC-lockup-FR-RGB-Black.png?resize=1024%2C178&amp;ssl=1 1024w, https:\/\/i0.wp.com\/charlesetienneferland.com\/wp-content\/uploads\/2026\/02\/CAC-lockup-FR-RGB-Black.png?resize=300%2C52&amp;ssl=1 300w, https:\/\/i0.wp.com\/charlesetienneferland.com\/wp-content\/uploads\/2026\/02\/CAC-lockup-FR-RGB-Black.png?resize=768%2C133&amp;ssl=1 768w, https:\/\/i0.wp.com\/charlesetienneferland.com\/wp-content\/uploads\/2026\/02\/CAC-lockup-FR-RGB-Black.png?resize=1536%2C266&amp;ssl=1 1536w, https:\/\/i0.wp.com\/charlesetienneferland.com\/wp-content\/uploads\/2026\/02\/CAC-lockup-FR-RGB-Black.png?w=1839&amp;ssl=1 1839w\" sizes=\"auto, (max-width: 1024px) 100vw, 1024px\" \/><\/figure>\n<\/div>\n\n\n<p class=\"has-text-align-center has-small-font-size\">Studio CEF remercie le Conseil des arts du Canada pour son soutien.<\/p>\n\n\n\n<div style=\"height:50px\" aria-hidden=\"true\" class=\"wp-block-spacer\"><\/div>\n","protected":false},"excerpt":{"rendered":"<p>Toutes les histoires de la saga D\u00e9vor\u00e9s sont pr\u00e9vues pour pouvoir se lire de mani\u00e8re ind\u00e9pendante, dans n&rsquo;importe quel ordre. Un premier projet d\u2019\u00e9criture d\u00e9but\u00e9 en 2013 a abouti \u00e0 la publication de D\u00e9vor\u00e9s en 2018 chez L\u2019Interligne (finaliste au prix \u00c9mergence de l\u2019AAOF), suivi de M\u00e9tamorphoses en 2020 chez le m\u00eame \u00e9diteur (finaliste au<a class=\"excerpt-read-more\" href=\"https:\/\/charlesetienneferland.com\/index.php\/la-saga-devores\/\" title=\"ReadLa saga D\u00e9vor\u00e9s\">&#8230; Read more &raquo;<\/a><\/p>\n","protected":false},"author":2,"featured_media":0,"parent":0,"menu_order":7,"comment_status":"closed","ping_status":"closed","template":"","meta":{"footnotes":""},"class_list":["post-3440","page","type-page","status-publish","hentry"],"jetpack_sharing_enabled":true,"_links":{"self":[{"href":"https:\/\/charlesetienneferland.com\/index.php\/wp-json\/wp\/v2\/pages\/3440","targetHints":{"allow":["GET"]}}],"collection":[{"href":"https:\/\/charlesetienneferland.com\/index.php\/wp-json\/wp\/v2\/pages"}],"about":[{"href":"https:\/\/charlesetienneferland.com\/index.php\/wp-json\/wp\/v2\/types\/page"}],"author":[{"embeddable":true,"href":"https:\/\/charlesetienneferland.com\/index.php\/wp-json\/wp\/v2\/users\/2"}],"replies":[{"embeddable":true,"href":"https:\/\/charlesetienneferland.com\/index.php\/wp-json\/wp\/v2\/comments?post=3440"}],"version-history":[{"count":29,"href":"https:\/\/charlesetienneferland.com\/index.php\/wp-json\/wp\/v2\/pages\/3440\/revisions"}],"predecessor-version":[{"id":3781,"href":"https:\/\/charlesetienneferland.com\/index.php\/wp-json\/wp\/v2\/pages\/3440\/revisions\/3781"}],"wp:attachment":[{"href":"https:\/\/charlesetienneferland.com\/index.php\/wp-json\/wp\/v2\/media?parent=3440"}],"curies":[{"name":"wp","href":"https:\/\/api.w.org\/{rel}","templated":true}]}}