{"id":3450,"date":"2026-02-27T17:39:14","date_gmt":"2026-02-27T22:39:14","guid":{"rendered":"https:\/\/charlesetienneferland.com\/?page_id=3450"},"modified":"2026-03-02T09:01:27","modified_gmt":"2026-03-02T14:01:27","slug":"la-saga-exxila","status":"publish","type":"page","link":"https:\/\/charlesetienneferland.com\/index.php\/la-saga-exxila\/","title":{"rendered":"La saga Exxila"},"content":{"rendered":"\n<div class=\"wp-block-cover\"><img data-recalc-dims=\"1\" loading=\"lazy\" decoding=\"async\" width=\"1200\" height=\"738\" class=\"wp-block-cover__image-background wp-image-3382 size-large\" alt=\"\" src=\"https:\/\/i0.wp.com\/charlesetienneferland.com\/wp-content\/uploads\/2026\/02\/Couleurs-version-2-mai_resized-1-e1772220700682.png?resize=1200%2C738&#038;ssl=1\" style=\"object-position:50% 85%\" data-object-fit=\"cover\" data-object-position=\"50% 85%\" srcset=\"https:\/\/i0.wp.com\/charlesetienneferland.com\/wp-content\/uploads\/2026\/02\/Couleurs-version-2-mai_resized-1-e1772220700682.png?w=2040&amp;ssl=1 2040w, https:\/\/i0.wp.com\/charlesetienneferland.com\/wp-content\/uploads\/2026\/02\/Couleurs-version-2-mai_resized-1-e1772220700682.png?resize=300%2C185&amp;ssl=1 300w, https:\/\/i0.wp.com\/charlesetienneferland.com\/wp-content\/uploads\/2026\/02\/Couleurs-version-2-mai_resized-1-e1772220700682.png?resize=1024%2C630&amp;ssl=1 1024w, https:\/\/i0.wp.com\/charlesetienneferland.com\/wp-content\/uploads\/2026\/02\/Couleurs-version-2-mai_resized-1-e1772220700682.png?resize=768%2C472&amp;ssl=1 768w, https:\/\/i0.wp.com\/charlesetienneferland.com\/wp-content\/uploads\/2026\/02\/Couleurs-version-2-mai_resized-1-e1772220700682.png?resize=1536%2C945&amp;ssl=1 1536w\" sizes=\"auto, (max-width: 1200px) 100vw, 1200px\" \/><span aria-hidden=\"true\" class=\"wp-block-cover__background has-background-dim\" style=\"background-color:#08202f\"><\/span><div class=\"wp-block-cover__inner-container is-layout-flow wp-block-cover-is-layout-flow\">\n<p class=\"has-text-align-center has-large-font-size\"><strong>La saga Exxila<\/strong><\/p>\n<\/div><\/div>\n\n\n\n<div style=\"height:20px\" aria-hidden=\"true\" class=\"wp-block-spacer\"><\/div>\n\n\n\n<p>Exxila g\u00e8le. Chaque ann\u00e9e, le froid s&rsquo;intensifie, tandis que les puissants persistent \u00e0 affirmer que la chaleur reviendra. Et s&rsquo;ils se trompaient ? Lorsque l&rsquo;espoir c\u00e8de la place au d\u00e9ni, Max et ses amis d\u00e9fient l&rsquo;ordre \u00e9tabli et parcourent la galaxie \u00e0 la recherche d&rsquo;un moyen de sauver leur plan\u00e8te, avant qu&rsquo;Exxila ne devienne un monde silencieux et sans vie.<\/p>\n\n\n\n<div style=\"height:100px\" aria-hidden=\"true\" class=\"wp-block-spacer\"><\/div>\n\n\n\n<div class=\"wp-block-media-text is-stacked-on-mobile\" style=\"grid-template-columns:25% auto\"><figure class=\"wp-block-media-text__media\"><img data-recalc-dims=\"1\" loading=\"lazy\" decoding=\"async\" width=\"762\" height=\"953\" src=\"https:\/\/i0.wp.com\/charlesetienneferland.com\/wp-content\/uploads\/2024\/09\/maxdexxila-cover_3d.png?resize=762%2C953&#038;ssl=1\" alt=\"\" class=\"wp-image-2831 size-full\" srcset=\"https:\/\/i0.wp.com\/charlesetienneferland.com\/wp-content\/uploads\/2024\/09\/maxdexxila-cover_3d.png?w=762&amp;ssl=1 762w, https:\/\/i0.wp.com\/charlesetienneferland.com\/wp-content\/uploads\/2024\/09\/maxdexxila-cover_3d.png?resize=240%2C300&amp;ssl=1 240w\" sizes=\"auto, (max-width: 762px) 100vw, 762px\" \/><\/figure><div class=\"wp-block-media-text__content\">\n<p class=\"has-large-font-size\"><strong>Max d&rsquo;Exxila<\/strong><\/p>\n\n\n\n<p class=\"has-small-font-size\"><strong>Ann\u00e9e de publication : 2024<\/strong><br>#fictionclimatique #spaceopera <strong><br><\/strong>Un jeune exxilien vivant sur une plan\u00e8te aux prises avec de graves changements climatiques d\u00e9couvre qu\u2019il est originaire de la Terre. En fait, tous les habitants de la plan\u00e8te Exxila sont de lointains descendants des Terriens, issus d\u2019embryons g\u00e9n\u00e9tiquement modifi\u00e9s, rescap\u00e9s de l\u2019\u00e9pave d\u2019un gigantesque vaisseau \u00e9cras\u00e9 au fond d\u2019un lac. Mais personne n\u2019est pr\u00eat \u00e0 admettre cette v\u00e9rit\u00e9 sur leur origine, ou m\u00eame \u00e0 reconna\u00eetre le refroidissement g\u00e9n\u00e9ralis\u00e9 de la plan\u00e8te qui pourtant menace la survie des Exxiliens.<br>Comme tous les jeunes d\u2019Exxila, Max se voit invit\u00e9 \u00e0 participer \u00e0 une formation, sorte de rituel initiatique impos\u00e9. Il n\u2019en voit pas la n\u00e9cessit\u00e9 mais est forc\u00e9 d\u2019y assister. Il se retrouve dans la capitale avec son amie Aya, o\u00f9 il se rend compte que les enseignements qu\u2019on leur prodigue ne correspondent pas tout \u00e0 fait \u00e0 la r\u00e9alit\u00e9 et servent peut-\u00eatre m\u00eame \u00e0 la masquer&#8230; Curieux et audacieux, Max d\u00e9cide de percer les myst\u00e8res d\u2019Exxila.<\/p>\n\n\n\n<div class=\"wp-block-buttons is-layout-flex wp-block-buttons-is-layout-flex\">\n<div class=\"wp-block-button\"><a class=\"wp-block-button__link has-small-font-size has-custom-font-size wp-element-button\" href=\"https:\/\/www.leslibraires.ca\/livres\/max-d-exxila-charles-etienne-ferland-9782895979753.html\">Acheter<\/a><\/div>\n<\/div>\n\n\n\n<style>\n  #goodreads-widget {\n    font-family: georgia, serif;\n    padding: 18px 0;\n    width:800px;\n  }\n  #goodreads-widget h1 {\n    font-weight:normal;\n    font-size: 16px;\n    border-bottom: 1px solid #BBB596;\n    margin-bottom: 0;\n  }\n  #goodreads-widget a {\n    text-decoration: none;\n    color:#660;\n  }\n  iframe{\n    background-color: #ffffff;\n  }\n  #goodreads-widget a:hover { text-decoration: underline; }\n  #goodreads-widget a:active {\n    color:#660;\n  }\n  #gr_footer {\n    width: 100%;\n    border-top: 1px solid #BBB596;\n    text-align: right;\n  }\n  #goodreads-widget .gr_branding{\n    color: #382110;\n    font-size: 11px;\n    text-decoration: none;\n    font-family: \"Helvetica Neue\", Helvetica, Arial, sans-serif;\n  }\n<\/style>\n<div id=\"goodreads-widget\">\n  <div id=\"gr_header\"><h1><a rel=\"nofollow\" href=\"https:\/\/www.goodreads.com\/book\/show\/212473944-max-d-exxila\">Notes sur Goodreads<\/a><\/h1><\/div>\n  <iframe loading=\"lazy\" sandbox id=\"the_iframe\" src=\"https:\/\/www.goodreads.com\/api\/reviews_widget_iframe?did=DEVELOPER_ID&#038;format=html&#038;header_text=Notes+sur+Goodreads&#038;isbn=2895979758&#038;links=660&#038;min_rating=&#038;num_reviews=&#038;review_back=ffffff&#038;stars=000000&#038;stylesheet=&#038;text=444\" width=\"800\" height=\"200\" frameborder=\"0\"><\/iframe>\n  <div id=\"gr_footer\">\n    <a class=\"gr_branding\" target=\"_blank\" rel=\"nofollow noopener noreferrer\" href=\"https:\/\/www.goodreads.com\/book\/show\/212473944-max-d-exxila?utm_medium=api&#038;utm_source=reviews_widget\">Reviews from Goodreads.com<\/a>\n  <\/div>\n<\/div>\n<\/div><\/div>\n\n\n\n<div style=\"height:100px\" aria-hidden=\"true\" class=\"wp-block-spacer\"><\/div>\n\n\n\n<div class=\"wp-block-media-text has-media-on-the-right is-stacked-on-mobile\"><div class=\"wp-block-media-text__content\">\n<div style=\"height:50px\" aria-hidden=\"true\" class=\"wp-block-spacer\"><\/div>\n\n\n\n<p class=\"has-small-font-size\">Le comit\u00e9 de la saga Exxila lors de sa premi\u00e8re rencontre en 2025 (\u00c9milie Tron, C\u00e9cile Bardon, Suzanne Deutsch, Sarah Hadjou, Geoffrey Bodenan et Ariane Mercier) pour discuter de la suite des aventures de Max d&rsquo;Exxila.<\/p>\n<\/div><figure class=\"wp-block-media-text__media\"><img data-recalc-dims=\"1\" loading=\"lazy\" decoding=\"async\" width=\"1024\" height=\"576\" src=\"https:\/\/i0.wp.com\/charlesetienneferland.com\/wp-content\/uploads\/2026\/02\/Comite-Exxila-2025.jpg?resize=1024%2C576&#038;ssl=1\" alt=\"\" class=\"wp-image-3318 size-full\" srcset=\"https:\/\/i0.wp.com\/charlesetienneferland.com\/wp-content\/uploads\/2026\/02\/Comite-Exxila-2025.jpg?resize=1024%2C576&amp;ssl=1 1024w, https:\/\/i0.wp.com\/charlesetienneferland.com\/wp-content\/uploads\/2026\/02\/Comite-Exxila-2025.jpg?resize=300%2C169&amp;ssl=1 300w, https:\/\/i0.wp.com\/charlesetienneferland.com\/wp-content\/uploads\/2026\/02\/Comite-Exxila-2025.jpg?resize=768%2C432&amp;ssl=1 768w, https:\/\/i0.wp.com\/charlesetienneferland.com\/wp-content\/uploads\/2026\/02\/Comite-Exxila-2025.jpg?resize=1536%2C864&amp;ssl=1 1536w, https:\/\/i0.wp.com\/charlesetienneferland.com\/wp-content\/uploads\/2026\/02\/Comite-Exxila-2025.jpg?resize=2048%2C1152&amp;ssl=1 2048w, https:\/\/i0.wp.com\/charlesetienneferland.com\/wp-content\/uploads\/2026\/02\/Comite-Exxila-2025.jpg?w=2400&amp;ssl=1 2400w\" sizes=\"auto, (max-width: 1024px) 100vw, 1024px\" \/><\/figure><\/div>\n\n\n\n<div style=\"height:50px\" aria-hidden=\"true\" class=\"wp-block-spacer\"><\/div>\n","protected":false},"excerpt":{"rendered":"<p>Exxila g\u00e8le. Chaque ann\u00e9e, le froid s&rsquo;intensifie, tandis que les puissants persistent \u00e0 affirmer que la chaleur reviendra. Et s&rsquo;ils se trompaient ? Lorsque l&rsquo;espoir c\u00e8de la place au d\u00e9ni, Max et ses amis d\u00e9fient l&rsquo;ordre \u00e9tabli et parcourent la galaxie \u00e0 la recherche d&rsquo;un moyen de sauver leur plan\u00e8te, avant qu&rsquo;Exxila ne devienne un<a class=\"excerpt-read-more\" href=\"https:\/\/charlesetienneferland.com\/index.php\/la-saga-exxila\/\" title=\"ReadLa saga Exxila\">&#8230; Read more &raquo;<\/a><\/p>\n","protected":false},"author":2,"featured_media":0,"parent":0,"menu_order":18,"comment_status":"closed","ping_status":"closed","template":"","meta":{"footnotes":""},"class_list":["post-3450","page","type-page","status-publish","hentry"],"jetpack_sharing_enabled":true,"_links":{"self":[{"href":"https:\/\/charlesetienneferland.com\/index.php\/wp-json\/wp\/v2\/pages\/3450","targetHints":{"allow":["GET"]}}],"collection":[{"href":"https:\/\/charlesetienneferland.com\/index.php\/wp-json\/wp\/v2\/pages"}],"about":[{"href":"https:\/\/charlesetienneferland.com\/index.php\/wp-json\/wp\/v2\/types\/page"}],"author":[{"embeddable":true,"href":"https:\/\/charlesetienneferland.com\/index.php\/wp-json\/wp\/v2\/users\/2"}],"replies":[{"embeddable":true,"href":"https:\/\/charlesetienneferland.com\/index.php\/wp-json\/wp\/v2\/comments?post=3450"}],"version-history":[{"count":32,"href":"https:\/\/charlesetienneferland.com\/index.php\/wp-json\/wp\/v2\/pages\/3450\/revisions"}],"predecessor-version":[{"id":3748,"href":"https:\/\/charlesetienneferland.com\/index.php\/wp-json\/wp\/v2\/pages\/3450\/revisions\/3748"}],"wp:attachment":[{"href":"https:\/\/charlesetienneferland.com\/index.php\/wp-json\/wp\/v2\/media?parent=3450"}],"curies":[{"name":"wp","href":"https:\/\/api.w.org\/{rel}","templated":true}]}}