{"id":3672,"date":"2026-03-01T21:05:52","date_gmt":"2026-03-02T02:05:52","guid":{"rendered":"https:\/\/charlesetienneferland.com\/?page_id=3672"},"modified":"2026-03-09T11:39:42","modified_gmt":"2026-03-09T15:39:42","slug":"emplois","status":"publish","type":"page","link":"https:\/\/charlesetienneferland.com\/index.php\/emplois\/","title":{"rendered":"Emplois"},"content":{"rendered":"\n<p>Studio CEF est un studio cr\u00e9atif montr\u00e9alais sp\u00e9cialis\u00e9 dans le d\u00e9veloppement d\u2019univers narratifs socio-\u00e9cologiques destin\u00e9s \u00e0 devenir des franchises transm\u00e9dia (romans, BD, jeux vid\u00e9os narratifs, conf\u00e9rences et projets \u00e9ducatifs). Notre mission est de raconter des histoires marquantes qui explorent les liens entre humains, biodiversit\u00e9, transition \u00e9cologique et changement climatique.<\/p>\n\n\n\n<p>Le studio est actuellement en phase de croissance. Il fonctionne avec un r\u00e9seau de collaborateur\u00b7trice\u00b7s ind\u00e9pendant\u00b7e\u00b7s qui contribuent ponctuellement au d\u00e9veloppement des projets \u00e0 titre de travailleur.e.s autonomes.<\/p>\n\n\n\n<p>Bien qu\u2019aucun poste ne soit ouvert pour le moment, nous accueillons avec int\u00e9r\u00eat les <strong>candidatures spontan\u00e9es<\/strong> de professionnel\u00b7le\u00b7s souhaitant contribuer \u00e0 nos univers narratifs.<\/p>\n\n\n\n<p>Nous portons un int\u00e9r\u00eat particulier aux profils ayant de l\u2019exp\u00e9rience en :<\/p>\n\n\n\n<p>\u2022 <strong>Design narratif<\/strong> (story architecture, arcs de personnages, bibles narratives)<br>\u2022 <strong>D\u00e9veloppement et n\u00e9gociation de licences<\/strong> (adaptations, droits, partenariats IP)<br>\u2022 <strong>R\u00e9daction de demandes de subventions<\/strong> et financement culturel<\/p>\n\n\n\n<p>D\u2019autres expertises pertinentes incluent l\u2019illustration, la sc\u00e9narisation, l\u2019\u00e9dition ou la coordination de projets cr\u00e9atifs.<\/p>\n\n\n\n<p>Si vous souhaitez collaborer avec Studio CEF, vous pouvez transmettre votre <strong>CV, portfolio et lettre d\u2019int\u00e9r\u00eat<\/strong> \u00e0 l&rsquo;adresse info@charlesetienneferland.com afin d\u2019\u00eatre ajout\u00e9\u00b7e \u00e0 notre base de donn\u00e9es de talents.<\/p>\n","protected":false},"excerpt":{"rendered":"<p>Studio CEF est un studio cr\u00e9atif montr\u00e9alais sp\u00e9cialis\u00e9 dans le d\u00e9veloppement d\u2019univers narratifs socio-\u00e9cologiques destin\u00e9s \u00e0 devenir des franchises transm\u00e9dia (romans, BD, jeux vid\u00e9os narratifs, conf\u00e9rences et projets \u00e9ducatifs). Notre mission est de raconter des histoires marquantes qui explorent les liens entre humains, biodiversit\u00e9, transition \u00e9cologique et changement climatique. Le studio est actuellement en phase<a class=\"excerpt-read-more\" href=\"https:\/\/charlesetienneferland.com\/index.php\/emplois\/\" title=\"ReadEmplois\">&#8230; Read more &raquo;<\/a><\/p>\n","protected":false},"author":2,"featured_media":0,"parent":0,"menu_order":0,"comment_status":"closed","ping_status":"closed","template":"","meta":{"footnotes":""},"class_list":["post-3672","page","type-page","status-publish","hentry"],"jetpack_sharing_enabled":true,"_links":{"self":[{"href":"https:\/\/charlesetienneferland.com\/index.php\/wp-json\/wp\/v2\/pages\/3672","targetHints":{"allow":["GET"]}}],"collection":[{"href":"https:\/\/charlesetienneferland.com\/index.php\/wp-json\/wp\/v2\/pages"}],"about":[{"href":"https:\/\/charlesetienneferland.com\/index.php\/wp-json\/wp\/v2\/types\/page"}],"author":[{"embeddable":true,"href":"https:\/\/charlesetienneferland.com\/index.php\/wp-json\/wp\/v2\/users\/2"}],"replies":[{"embeddable":true,"href":"https:\/\/charlesetienneferland.com\/index.php\/wp-json\/wp\/v2\/comments?post=3672"}],"version-history":[{"count":4,"href":"https:\/\/charlesetienneferland.com\/index.php\/wp-json\/wp\/v2\/pages\/3672\/revisions"}],"predecessor-version":[{"id":3862,"href":"https:\/\/charlesetienneferland.com\/index.php\/wp-json\/wp\/v2\/pages\/3672\/revisions\/3862"}],"wp:attachment":[{"href":"https:\/\/charlesetienneferland.com\/index.php\/wp-json\/wp\/v2\/media?parent=3672"}],"curies":[{"name":"wp","href":"https:\/\/api.w.org\/{rel}","templated":true}]}}