{"id":3790,"date":"2026-03-05T10:32:25","date_gmt":"2026-03-05T15:32:25","guid":{"rendered":"https:\/\/charlesetienneferland.com\/?page_id=3790"},"modified":"2026-03-18T07:34:04","modified_gmt":"2026-03-18T11:34:04","slug":"consultations","status":"publish","type":"page","link":"https:\/\/charlesetienneferland.com\/index.php\/consultations\/","title":{"rendered":"Consultations"},"content":{"rendered":"\n<p class=\"has-text-align-center has-large-font-size\">Consultations cr\u00e9atives en narration, d\u00e9veloppement de projets et design d\u2019univers<\/p>\n\n\n\n<div style=\"height:100px\" aria-hidden=\"true\" class=\"wp-block-spacer\"><\/div>\n\n\n\n<div class=\"wp-block-media-text is-stacked-on-mobile is-vertically-aligned-center\" style=\"grid-template-columns:40% auto\"><figure class=\"wp-block-media-text__media\"><img data-recalc-dims=\"1\" loading=\"lazy\" decoding=\"async\" width=\"899\" height=\"1024\" src=\"https:\/\/i0.wp.com\/charlesetienneferland.com\/wp-content\/uploads\/2026\/03\/IMG_4203.jpg?resize=899%2C1024&#038;ssl=1\" alt=\"\" class=\"wp-image-3791 size-full\" srcset=\"https:\/\/i0.wp.com\/charlesetienneferland.com\/wp-content\/uploads\/2026\/03\/IMG_4203.jpg?resize=899%2C1024&amp;ssl=1 899w, https:\/\/i0.wp.com\/charlesetienneferland.com\/wp-content\/uploads\/2026\/03\/IMG_4203.jpg?resize=264%2C300&amp;ssl=1 264w, https:\/\/i0.wp.com\/charlesetienneferland.com\/wp-content\/uploads\/2026\/03\/IMG_4203.jpg?resize=768%2C874&amp;ssl=1 768w, https:\/\/i0.wp.com\/charlesetienneferland.com\/wp-content\/uploads\/2026\/03\/IMG_4203.jpg?resize=1349%2C1536&amp;ssl=1 1349w, https:\/\/i0.wp.com\/charlesetienneferland.com\/wp-content\/uploads\/2026\/03\/IMG_4203.jpg?resize=1799%2C2048&amp;ssl=1 1799w, https:\/\/i0.wp.com\/charlesetienneferland.com\/wp-content\/uploads\/2026\/03\/IMG_4203.jpg?w=2400&amp;ssl=1 2400w\" sizes=\"auto, (max-width: 899px) 100vw, 899px\" \/><\/figure><div class=\"wp-block-media-text__content\">\n<p class=\"has-large-font-size\"><strong>Besoin d&rsquo;un coup de pouce cr\u00e9atif pour votre projet?<\/strong><\/p>\n\n\n\n<p>\u00c0 titre de consultant, l&rsquo;approche d&rsquo;accompagnement de Studio CEF, c&rsquo;est : <\/p>\n\n\n\n<ol class=\"wp-block-list\">\n<li>Partir de votre besoin<\/li>\n\n\n\n<li>Clarifier l&rsquo;intention<\/li>\n\n\n\n<li>Cartographier le parcours<\/li>\n\n\n\n<li>It\u00e9rer et valider<\/li>\n\n\n\n<li>Bienveillance \u00e0 tous les niveaux<\/li>\n<\/ol>\n<\/div><\/div>\n\n\n\n<div style=\"height:100px\" aria-hidden=\"true\" class=\"wp-block-spacer\"><\/div>\n\n\n\n<div class=\"wp-block-media-text has-media-on-the-right is-stacked-on-mobile is-vertically-aligned-center\"><div class=\"wp-block-media-text__content\">\n<p class=\"has-large-font-size\">\u00ab Le secret : faire du bon travail et le partager avec les gens \u00bb \u2014 Austin Kleon<\/p>\n\n\n\n<p>Dans mes mandats de consultation, je m\u2019inspire notamment de la d\u00e9marche d\u2019Austin Kleon afin de proposer un accompagnement mobilisant, qui favorise l\u2019autonomie des \u00e9quipes. L\u2019objectif est de cr\u00e9er des conditions o\u00f9 le design \u00e9merge avec intention, plaisir et capacit\u00e9 de r\u00e9plicabilit\u00e9.<\/p>\n<\/div><figure class=\"wp-block-media-text__media\"><img data-recalc-dims=\"1\" loading=\"lazy\" decoding=\"async\" width=\"1024\" height=\"768\" src=\"https:\/\/i0.wp.com\/charlesetienneferland.com\/wp-content\/uploads\/2025\/08\/IMG_2547-3.jpg?resize=1024%2C768&#038;ssl=1\" alt=\"\" class=\"wp-image-3039 size-full\" srcset=\"https:\/\/i0.wp.com\/charlesetienneferland.com\/wp-content\/uploads\/2025\/08\/IMG_2547-3.jpg?resize=1024%2C768&amp;ssl=1 1024w, https:\/\/i0.wp.com\/charlesetienneferland.com\/wp-content\/uploads\/2025\/08\/IMG_2547-3.jpg?resize=300%2C225&amp;ssl=1 300w, https:\/\/i0.wp.com\/charlesetienneferland.com\/wp-content\/uploads\/2025\/08\/IMG_2547-3.jpg?resize=768%2C576&amp;ssl=1 768w, https:\/\/i0.wp.com\/charlesetienneferland.com\/wp-content\/uploads\/2025\/08\/IMG_2547-3.jpg?resize=1536%2C1152&amp;ssl=1 1536w, https:\/\/i0.wp.com\/charlesetienneferland.com\/wp-content\/uploads\/2025\/08\/IMG_2547-3.jpg?resize=2048%2C1536&amp;ssl=1 2048w, https:\/\/i0.wp.com\/charlesetienneferland.com\/wp-content\/uploads\/2025\/08\/IMG_2547-3.jpg?w=2400&amp;ssl=1 2400w\" sizes=\"auto, (max-width: 1024px) 100vw, 1024px\" \/><\/figure><\/div>\n\n\n\n<div style=\"height:100px\" aria-hidden=\"true\" class=\"wp-block-spacer\"><\/div>\n\n\n\n<p class=\"has-text-align-center has-large-font-size\">\u00c0 qui s&rsquo;adresse ce service?<\/p>\n\n\n\n<p class=\"has-text-align-center\">auteur.trice.s<br>cr\u00e9ateur.trice.s narratif.ve.s<br>artistes interdisciplinaires<br>\u00e9tudiant.e.s<br>studios<br>organismes culturels<\/p>\n\n\n\n<div style=\"height:100px\" aria-hidden=\"true\" class=\"wp-block-spacer\"><\/div>\n\n\n\n<div class=\"wp-block-media-text is-stacked-on-mobile is-vertically-aligned-center\" style=\"grid-template-columns:40% auto\"><figure class=\"wp-block-media-text__media\"><img data-recalc-dims=\"1\" loading=\"lazy\" decoding=\"async\" width=\"819\" height=\"1024\" src=\"https:\/\/i0.wp.com\/charlesetienneferland.com\/wp-content\/uploads\/2026\/03\/18dec2025_SaintSascrement.jpg?resize=819%2C1024&#038;ssl=1\" alt=\"\" class=\"wp-image-3794 size-full\" srcset=\"https:\/\/i0.wp.com\/charlesetienneferland.com\/wp-content\/uploads\/2026\/03\/18dec2025_SaintSascrement.jpg?resize=819%2C1024&amp;ssl=1 819w, https:\/\/i0.wp.com\/charlesetienneferland.com\/wp-content\/uploads\/2026\/03\/18dec2025_SaintSascrement.jpg?resize=240%2C300&amp;ssl=1 240w, https:\/\/i0.wp.com\/charlesetienneferland.com\/wp-content\/uploads\/2026\/03\/18dec2025_SaintSascrement.jpg?resize=768%2C960&amp;ssl=1 768w, https:\/\/i0.wp.com\/charlesetienneferland.com\/wp-content\/uploads\/2026\/03\/18dec2025_SaintSascrement.jpg?resize=1229%2C1536&amp;ssl=1 1229w, https:\/\/i0.wp.com\/charlesetienneferland.com\/wp-content\/uploads\/2026\/03\/18dec2025_SaintSascrement.jpg?w=1536&amp;ssl=1 1536w\" sizes=\"auto, (max-width: 819px) 100vw, 819px\" \/><\/figure><div class=\"wp-block-media-text__content\">\n<p class=\"has-large-font-size\">\u00ab\u00a0First, make it exist<br>Then, make it good\u00a0\u00bb<\/p>\n\n\n\n<p>N&rsquo;importe quel projet commence par une \u00e9bauche. L&rsquo;\u00e9bauche n&rsquo;est jamais parfaite. Son r\u00f4le est de servir de base, de pr\u00eate-place \u00e0 un r\u00e9sultat concluant.<\/p>\n\n\n\n<p>Par boucles de r\u00e9troaction et de validation, le projet se d\u00e9veloppe et se concr\u00e9tise pour r\u00e9pondre au besoin.<\/p>\n<\/div><\/div>\n\n\n\n<div style=\"height:100px\" aria-hidden=\"true\" class=\"wp-block-spacer\"><\/div>\n\n\n\n<p class=\"has-large-font-size\">Quel type de projet puis-je vous aider \u00e0 d\u00e9velopper?<\/p>\n\n\n\n<p>Je peux vous aider \u00e0 :<\/p>\n\n\n\n<ul class=\"wp-block-list\">\n<li>transformer une id\u00e9e en projet structur\u00e9<\/li>\n\n\n\n<li>structurer une histoire<\/li>\n\n\n\n<li>d\u00e9bloquer une intrigue<\/li>\n\n\n\n<li>r\u00e9fl\u00e9chir au capital sympathie des personnages<\/li>\n\n\n\n<li>d\u00e9velopper un univers narratif<\/li>\n\n\n\n<li>pr\u00e9parer une demande de subvention<\/li>\n\n\n\n<li>clarifier une vision cr\u00e9ative<\/li>\n<\/ul>\n\n\n\n<div style=\"height:100px\" aria-hidden=\"true\" class=\"wp-block-spacer\"><\/div>\n\n\n\n<div class=\"wp-block-media-text has-media-on-the-right is-stacked-on-mobile is-vertically-aligned-center\" style=\"grid-template-columns:auto 40%\"><div class=\"wp-block-media-text__content\">\n<p class=\"has-large-font-size\">Premi\u00e8re rencontre gratuite<\/p>\n\n\n\n<p>R\u00e9servez votre rencontre de d\u00e9marrage gratuite de 30 minutes par visioconf\u00e9rence : info@charlesetienneferland.com<\/p>\n\n\n\n<p>Apr\u00e8s la rencontre, je peux proposer :<\/p>\n\n\n\n<ul class=\"wp-block-list\">\n<li>une consultation ponctuelle<\/li>\n\n\n\n<li>un accompagnement<\/li>\n\n\n\n<li>un diagnostic de projet<\/li>\n<\/ul>\n\n\n\n<p>Les consultations sont offertes en fran\u00e7ais ou en anglais.<\/p>\n<\/div><figure class=\"wp-block-media-text__media\"><img data-recalc-dims=\"1\" loading=\"lazy\" decoding=\"async\" width=\"1024\" height=\"1024\" src=\"https:\/\/i0.wp.com\/charlesetienneferland.com\/wp-content\/uploads\/2026\/03\/506696292_4201389913517792_8979980687996706817_n.jpg?resize=1024%2C1024&#038;ssl=1\" alt=\"\" class=\"wp-image-3798 size-full\" srcset=\"https:\/\/i0.wp.com\/charlesetienneferland.com\/wp-content\/uploads\/2026\/03\/506696292_4201389913517792_8979980687996706817_n.jpg?resize=1024%2C1024&amp;ssl=1 1024w, https:\/\/i0.wp.com\/charlesetienneferland.com\/wp-content\/uploads\/2026\/03\/506696292_4201389913517792_8979980687996706817_n.jpg?resize=300%2C300&amp;ssl=1 300w, https:\/\/i0.wp.com\/charlesetienneferland.com\/wp-content\/uploads\/2026\/03\/506696292_4201389913517792_8979980687996706817_n.jpg?resize=150%2C150&amp;ssl=1 150w, https:\/\/i0.wp.com\/charlesetienneferland.com\/wp-content\/uploads\/2026\/03\/506696292_4201389913517792_8979980687996706817_n.jpg?resize=768%2C768&amp;ssl=1 768w, https:\/\/i0.wp.com\/charlesetienneferland.com\/wp-content\/uploads\/2026\/03\/506696292_4201389913517792_8979980687996706817_n.jpg?resize=1536%2C1536&amp;ssl=1 1536w, https:\/\/i0.wp.com\/charlesetienneferland.com\/wp-content\/uploads\/2026\/03\/506696292_4201389913517792_8979980687996706817_n.jpg?resize=125%2C125&amp;ssl=1 125w, https:\/\/i0.wp.com\/charlesetienneferland.com\/wp-content\/uploads\/2026\/03\/506696292_4201389913517792_8979980687996706817_n.jpg?w=2048&amp;ssl=1 2048w\" sizes=\"auto, (max-width: 1024px) 100vw, 1024px\" \/><\/figure><\/div>\n\n\n\n<div style=\"height:100px\" aria-hidden=\"true\" class=\"wp-block-spacer\"><\/div>\n\n\n\n<p class=\"has-text-align-center has-large-font-size\">Nous avons travaill\u00e9 ensemble : <\/p>\n\n\n\n<p class=\"has-text-align-center\">Animanature<br>Centre 24-juin<br>DKB Digital Designs (Bugdex)<br>Les \u00c9ditions David<br>Les \u00c9ditions L&rsquo;Interligne<br>Les \u00c9ditions Prise de parole<br>Les productions Microfaune<br>Mus\u00e9e d&rsquo;histoire naturelle du Danemark (Bugdex)<br>Triptyque \u00c9diteur<\/p>\n\n\n\n<p><\/p>\n","protected":false},"excerpt":{"rendered":"<p>Consultations cr\u00e9atives en narration, d\u00e9veloppement de projets et design d\u2019univers \u00ab Le secret : faire du bon travail et le partager avec les gens \u00bb \u2014 Austin Kleon Dans mes mandats de consultation, je m\u2019inspire notamment de la d\u00e9marche d\u2019Austin Kleon afin de proposer un accompagnement mobilisant, qui favorise l\u2019autonomie des \u00e9quipes. L\u2019objectif est de<a class=\"excerpt-read-more\" href=\"https:\/\/charlesetienneferland.com\/index.php\/consultations\/\" title=\"ReadConsultations\">&#8230; Read more &raquo;<\/a><\/p>\n","protected":false},"author":2,"featured_media":0,"parent":0,"menu_order":0,"comment_status":"closed","ping_status":"closed","template":"","meta":{"footnotes":""},"class_list":["post-3790","page","type-page","status-publish","hentry"],"jetpack_sharing_enabled":true,"_links":{"self":[{"href":"https:\/\/charlesetienneferland.com\/index.php\/wp-json\/wp\/v2\/pages\/3790","targetHints":{"allow":["GET"]}}],"collection":[{"href":"https:\/\/charlesetienneferland.com\/index.php\/wp-json\/wp\/v2\/pages"}],"about":[{"href":"https:\/\/charlesetienneferland.com\/index.php\/wp-json\/wp\/v2\/types\/page"}],"author":[{"embeddable":true,"href":"https:\/\/charlesetienneferland.com\/index.php\/wp-json\/wp\/v2\/users\/2"}],"replies":[{"embeddable":true,"href":"https:\/\/charlesetienneferland.com\/index.php\/wp-json\/wp\/v2\/comments?post=3790"}],"version-history":[{"count":28,"href":"https:\/\/charlesetienneferland.com\/index.php\/wp-json\/wp\/v2\/pages\/3790\/revisions"}],"predecessor-version":[{"id":3875,"href":"https:\/\/charlesetienneferland.com\/index.php\/wp-json\/wp\/v2\/pages\/3790\/revisions\/3875"}],"wp:attachment":[{"href":"https:\/\/charlesetienneferland.com\/index.php\/wp-json\/wp\/v2\/media?parent=3790"}],"curies":[{"name":"wp","href":"https:\/\/api.w.org\/{rel}","templated":true}]}}